{"id":28,"date":"2025-02-17T10:56:58","date_gmt":"2025-02-17T09:56:58","guid":{"rendered":"https:\/\/www.refrat.de\/wahl-neu\/?page_id=28"},"modified":"2025-04-10T17:09:20","modified_gmt":"2025-04-10T15:09:20","slug":"faq","status":"publish","type":"page","link":"https:\/\/www.refrat.de\/wahlen\/faq\/","title":{"rendered":"FAQ"},"content":{"rendered":"\n<div class=\"sp-wrap sp-wrap-default\">\n<div class=\"sp-head\" title=\"Erweitern\">\n1. Wann findet die n\u00e4chste Wahl statt?\n<\/div>\n<div class=\"sp-body folded\">\n<p>Die StuPa-Wahl findet regelm\u00e4\u00dfig zum Ende des Sommersemester statt. Die Wahlbekanntmachung mit allen relevanten Fristen und Terminen erfolgt zum Anfang des Sommersemesters.<\/p>\n<div class=\"spdiv\">[Einklappen]<\/div>\n<\/div>\n<\/div>\n\n\n<div class=\"sp-wrap sp-wrap-default\">\n<div class=\"sp-head\" title=\"Erweitern\">\n2. Wie kann ich mich zur Wahl stellen?\n<\/div>\n<div class=\"sp-body folded\">\n<p>Kandidieren k\u00f6nnen nur Listen mit mindestens 3 Bewerber*innen. Daf\u00fcr muss der ausgef\u00fcllte Wahlvorschlag und die Zustimmungserkl\u00e4rungen bis zum Ende der Bewerbungsfrist eingereicht werden. Das Formular und die Fristen findest du auf der Seite der aktuellen Wahl.<\/p>\n<div class=\"spdiv\">[Einklappen]<\/div>\n<\/div>\n<\/div>\n\n\n<div class=\"sp-wrap sp-wrap-default\">\n<div class=\"sp-head\" title=\"Erweitern\">\n3. Gen\u00fcgt eine \u201edigitale\u201c Unterschrift auf einem Smartphone\/Tablet als Zustimmungserkl\u00e4rung?\n<\/div>\n<div class=\"sp-body folded\">\n<p>Nein. Die Zustimmungserkl\u00e4rungen m\u00fcssen eigenh\u00e4ndig und handschriftlich (auf Papier!) unterschrieben werden. Das gilt auch bei der Einreichung per Scan.<\/p>\n<div class=\"spdiv\">[Einklappen]<\/div>\n<\/div>\n<\/div>\n\n\n<div class=\"sp-wrap sp-wrap-default\">\n<div class=\"sp-head\" title=\"Erweitern\">\n 4. Gen\u00fcgt f\u00fcr die Einreichung des Wahlvorschlags ein Scan per Mail?\n<\/div>\n<div class=\"sp-body folded\">\n<p>Ja bzw. Nein. Ein Wahlvorschlag mit den Zustimmungserkl\u00e4rungen kann \u00fcber einen HU-E-Mail-Account eingereicht werden. Damit wird zun\u00e4chst die Bewerbungsfrist gewahrt. Der schriftliche Wahlvorschlag und die Zustimmungserkl\u00e4rungen (die Originale) m\u00fcssen innerhalb von drei Tagen nachgereicht werden.<\/p>\n<div class=\"spdiv\">[Einklappen]<\/div>\n<\/div>\n<\/div>\n\n\n<div class=\"sp-wrap sp-wrap-default\">\n<div class=\"sp-head\" title=\"Erweitern\">\n5. Warum gibt es den Wahlvorschlag auch als Word-Dokument?\n<\/div>\n<div class=\"sp-body folded\">\n<p>Es wird gebeten, neben dem schriftlichen oder zun\u00e4chst eingescannten Wahlvorschlag, auch eine digital ausgef\u00fcllte Kopie einzureichen.<\/p>\n<div class=\"spdiv\">[Einklappen]<\/div>\n<\/div>\n<\/div>\n\n\n<div class=\"sp-wrap sp-wrap-default\">\n<div class=\"sp-head\" title=\"Erweitern\">\n6. Ich bin Promotionsstudent*in an der HU. Kann ich w\u00e4hlen oder mich zur Wahl stellen?\n<\/div>\n<div class=\"sp-body folded\">\n<p>Ja.<\/p>\n<div class=\"spdiv\">[Einklappen]<\/div>\n<\/div>\n<\/div>\n\n\n<div class=\"sp-wrap sp-wrap-default\">\n<div class=\"sp-head\" title=\"Erweitern\">\n7. Ich bin im Hauptfach an einer anderen Universit\u00e4t eingeschrieben, kann ich w\u00e4hlen oder mich zur Wahl stellen?\n<\/div>\n<div class=\"sp-body folded\">\n<p>Nein. Du kannst nur an der Universit\u00e4t dein Wahlrecht aus\u00fcben, an der du deinen Beitrag zur Studierendenschaft zahlst.<\/p>\n<div class=\"spdiv\">[Einklappen]<\/div>\n<\/div>\n<\/div>\n\n\n<div class=\"sp-wrap sp-wrap-default\">\n<div class=\"sp-head\" title=\"Erweitern\">\n8. Wie kann ich Briefwahl beantragen?\n<\/div>\n<div class=\"sp-body folded\">\n<p>Sende uns eine Mail (wahl[at]refrat.hu-berlin.de) von deinem HU-Mail-Account mit deinem Namen, Vornamen, Matrikelnummer, Studiengang\/-g\u00e4ngen und der Adresse, zu der wir die Briefwahlunterlagen schicken sollen.<\/p>\n<div class=\"spdiv\">[Einklappen]<\/div>\n<\/div>\n<\/div>\n\n\n<div class=\"sp-wrap sp-wrap-default\">\n<div class=\"sp-head\" title=\"Erweitern\">\n9. Wo kann ich w\u00e4hlen?\n<\/div>\n<div class=\"sp-body folded\">\n<p>In einem der zentralen Wahllokale (Hauptgeb\u00e4ude, Erwin-Schr\u00f6dinger Zentrum, Mensa Nord, Grimm-Zentrum) oder gegebenenfalls in dem Wahllokal, das von deiner Fachschaft eingerichtet wurde. Die \u00d6ffnungszeiten findest du auf der Seite der aktuellen Wahl.<\/p>\n<div class=\"spdiv\">[Einklappen]<\/div>\n<\/div>\n<\/div>\n\n\n<div class=\"sp-wrap sp-wrap-default\">\n<div class=\"sp-head\" title=\"Erweitern\">\n 10. Wann wird das Ergebnis bekanntgegeben?\n<\/div>\n<div class=\"sp-body folded\">\n<p>Das vorl\u00e4ufige Wahlergebnis wird grunds\u00e4tzlich am auf die Wahl folgenden Tag bekanntgegeben. Nach Ablauf der Einspruchsfrist wird das endg\u00fcltige Wahlergebnis bekanntgegeben.<\/p>\n<div class=\"spdiv\">[Einklappen]<\/div>\n<\/div>\n<\/div>\n\n","protected":false},"excerpt":{"rendered":"","protected":false},"author":1,"featured_media":0,"parent":0,"menu_order":0,"comment_status":"closed","ping_status":"closed","template":"","meta":{"footnotes":""},"class_list":["post-28","page","type-page","status-publish","hentry"],"_links":{"self":[{"href":"https:\/\/www.refrat.de\/wahlen\/wp-json\/wp\/v2\/pages\/28","targetHints":{"allow":["GET"]}}],"collection":[{"href":"https:\/\/www.refrat.de\/wahlen\/wp-json\/wp\/v2\/pages"}],"about":[{"href":"https:\/\/www.refrat.de\/wahlen\/wp-json\/wp\/v2\/types\/page"}],"author":[{"embeddable":true,"href":"https:\/\/www.refrat.de\/wahlen\/wp-json\/wp\/v2\/users\/1"}],"replies":[{"embeddable":true,"href":"https:\/\/www.refrat.de\/wahlen\/wp-json\/wp\/v2\/comments?post=28"}],"version-history":[{"count":3,"href":"https:\/\/www.refrat.de\/wahlen\/wp-json\/wp\/v2\/pages\/28\/revisions"}],"predecessor-version":[{"id":89,"href":"https:\/\/www.refrat.de\/wahlen\/wp-json\/wp\/v2\/pages\/28\/revisions\/89"}],"wp:attachment":[{"href":"https:\/\/www.refrat.de\/wahlen\/wp-json\/wp\/v2\/media?parent=28"}],"curies":[{"name":"wp","href":"https:\/\/api.w.org\/{rel}","templated":true}]}}