{"id":21,"date":"2025-02-17T10:55:58","date_gmt":"2025-02-17T09:55:58","guid":{"rendered":"https:\/\/www.refrat.de\/wahl-neu\/?page_id=21"},"modified":"2025-05-16T12:46:38","modified_gmt":"2025-05-16T10:46:38","slug":"rechtsgrundlagen","status":"publish","type":"page","link":"https:\/\/www.refrat.de\/wahlen\/rechtsgrundlagen\/","title":{"rendered":"Rechtsgrundlagen"},"content":{"rendered":"<article>Die f\u00fcr die StuPa-Wahl sowie Urabstimmungen ma\u00dfgeblichen Gesetze, Satzungen und Richtlinien.<\/article>\n<article>\n<hr \/>\n<\/article>\n<article><\/article>\n<article><\/article>\n<article class=\"\">\n<h3>Universit\u00e4tsebene<\/h3>\n<ul>\n<li style=\"list-style-type: none;\">\n<ul>\n<li><strong>Wahlordnung<\/strong> der Studierendenschaft (<a href=\"https:\/\/vertretungen.hu-berlin.de\/de\/stupa\/ordnungen\/wahlo\">StudWO<\/a>)<\/li>\n<li><strong>Satzung<\/strong> der Studierendenschaft (<a href=\"http:\/\/stupa.hu-berlin.de\/satzung\/\">Link<\/a>) insbesondere die \u00a7\u00a7 4, 13 und 14<\/li>\n<\/ul>\n<\/li>\n<\/ul>\n<h3>Landesebene<\/h3>\n<ul>\n<li style=\"list-style-type: none;\">\n<ul>\n<li>Berliner <strong>Hochschulgesetz <\/strong>(<a href=\"http:\/\/gesetze.berlin.de\/jportal\/?quelle=jlink&amp;query=HSchulG+BE&amp;psml=bsbeprod.psml&amp;max=true\">BerlHG<\/a>), insbesondere die \u00a7\u00a7 18, 19 und 48<\/li>\n<li>Hochschul-Wahlgrunds\u00e4tze-Verordnung(<a href=\"https:\/\/gesetze.berlin.de\/bsbe\/document\/jlr-HSchulWahlGrSVBErahmen\">HWGVO<\/a>)<\/li>\n<\/ul>\n<\/li>\n<\/ul>\n<ul>\n<li style=\"list-style-type: none;\"><\/li>\n<\/ul>\n<h3>Richtlinien des Studentischen Wahlvorstandes<\/h3>\n<ul>\n<li style=\"list-style-type: none;\">\n<ul>\n<li>Richtlinie zur Beurteilung der G\u00fcltigkeit von Stimmen (<a href=\"https:\/\/www.refrat.de\/wahlen\/wp-content\/uploads\/2025\/05\/Gueltigkeitsrichtlinie.pdf\">G\u00fcltigkeitsrichtlinie<\/a>)<\/li>\n<\/ul>\n<\/li>\n<\/ul>\n<p>Bei den verlinkten Inhalten handelt es sich um nichtamtliche Lesefassungen. Die aktuell g\u00fcltige Fassung ist dem Amtlichen Mitteilungsblatt der HU bzw. dem Gesetz- und Verordnungsblatt von Berlin zu entnehmen.<\/p>\n<\/article>\n","protected":false},"excerpt":{"rendered":"<p>Die f\u00fcr die StuPa-Wahl sowie Urabstimmungen ma\u00dfgeblichen Gesetze, Satzungen und Richtlinien. Universit\u00e4tsebene Wahlordnung der Studierendenschaft (StudWO) Satzung der Studierendenschaft (Link) insbesondere die \u00a7\u00a7 4, 13 und 14 Landesebene Berliner Hochschulgesetz (BerlHG), insbesondere die \u00a7\u00a7 18, 19 und 48 Hochschul-Wahlgrunds\u00e4tze-Verordnung(HWGVO) Richtlinien des Studentischen Wahlvorstandes Richtlinie zur Beurteilung der G\u00fcltigkeit von Stimmen (G\u00fcltigkeitsrichtlinie) Bei den verlinkten Inhalten &hellip; <a href=\"https:\/\/www.refrat.de\/wahlen\/rechtsgrundlagen\/\" class=\"more-link\"><span class=\"screen-reader-text\">\u201eRechtsgrundlagen\u201c <\/span>weiterlesen<\/a><\/p>\n","protected":false},"author":1,"featured_media":0,"parent":0,"menu_order":0,"comment_status":"closed","ping_status":"closed","template":"","meta":{"footnotes":""},"class_list":["post-21","page","type-page","status-publish","hentry"],"_links":{"self":[{"href":"https:\/\/www.refrat.de\/wahlen\/wp-json\/wp\/v2\/pages\/21","targetHints":{"allow":["GET"]}}],"collection":[{"href":"https:\/\/www.refrat.de\/wahlen\/wp-json\/wp\/v2\/pages"}],"about":[{"href":"https:\/\/www.refrat.de\/wahlen\/wp-json\/wp\/v2\/types\/page"}],"author":[{"embeddable":true,"href":"https:\/\/www.refrat.de\/wahlen\/wp-json\/wp\/v2\/users\/1"}],"replies":[{"embeddable":true,"href":"https:\/\/www.refrat.de\/wahlen\/wp-json\/wp\/v2\/comments?post=21"}],"version-history":[{"count":2,"href":"https:\/\/www.refrat.de\/wahlen\/wp-json\/wp\/v2\/pages\/21\/revisions"}],"predecessor-version":[{"id":202,"href":"https:\/\/www.refrat.de\/wahlen\/wp-json\/wp\/v2\/pages\/21\/revisions\/202"}],"wp:attachment":[{"href":"https:\/\/www.refrat.de\/wahlen\/wp-json\/wp\/v2\/media?parent=21"}],"curies":[{"name":"wp","href":"https:\/\/api.w.org\/{rel}","templated":true}]}}