{"id":86,"date":"2012-05-07T13:13:59","date_gmt":"2012-05-07T13:13:59","guid":{"rendered":"http:\/\/www.refrat.de\/semtix\/wordpress\/?page_id=86"},"modified":"2020-01-31T13:34:42","modified_gmt":"2020-01-31T12:34:42","slug":"ticket-verloren","status":"publish","type":"page","link":"https:\/\/www.refrat.de\/semtix\/wordpress\/semesterticket\/ticket-verloren\/","title":{"rendered":"Ticket verloren"},"content":{"rendered":"<p><span style=\"font-family: arial,verdana;\">Wenn du deine Campus Card mit dem Semesterticket verloren hast oder sie dir gestohlen wurde, <\/span>musst du beim Immab\u00fcro eine neue beantragen. <span style=\"font-family: arial,verdana;\">Das Ersatzticket kostet 10,23 \u20ac, du ben\u00f6tigst f\u00fcr die Neuausstellung einen g\u00fcltigen Lichtbildausweis (Reisepass, Personalausweis, F\u00fchrerschein).<\/span><\/p>\n<p>Zu R\u00fcckfragen erreicht ihr das Immab\u00fcro \u00fcber die Compass-Hotline (030 2093-70333) oder deren <a href=\"https:\/\/www.hu-berlin.de\/de\/studium\/compass\/formular\">Kontaktformular<\/a>.<\/p>\n","protected":false},"excerpt":{"rendered":"<p>Wenn du deine Campus Card mit dem Semesterticket verloren hast oder sie dir gestohlen wurde, musst du beim Immab\u00fcro eine neue beantragen. Das Ersatzticket kostet 10,23 \u20ac, du ben\u00f6tigst f\u00fcr die Neuausstellung einen g\u00fcltigen Lichtbildausweis (Reisepass, Personalausweis, F\u00fchrerschein). Zu R\u00fcckfragen &hellip; <a href=\"https:\/\/www.refrat.de\/semtix\/wordpress\/semesterticket\/ticket-verloren\/\">Weiterlesen <span class=\"meta-nav\">&rarr;<\/span><\/a><\/p>\n","protected":false},"author":1,"featured_media":0,"parent":122,"menu_order":0,"comment_status":"closed","ping_status":"closed","template":"","meta":{"_lmt_disableupdate":"","_lmt_disable":"","footnotes":""},"class_list":["post-86","page","type-page","status-publish","hentry"],"_links":{"self":[{"href":"https:\/\/www.refrat.de\/semtix\/wordpress\/wp-json\/wp\/v2\/pages\/86","targetHints":{"allow":["GET"]}}],"collection":[{"href":"https:\/\/www.refrat.de\/semtix\/wordpress\/wp-json\/wp\/v2\/pages"}],"about":[{"href":"https:\/\/www.refrat.de\/semtix\/wordpress\/wp-json\/wp\/v2\/types\/page"}],"author":[{"embeddable":true,"href":"https:\/\/www.refrat.de\/semtix\/wordpress\/wp-json\/wp\/v2\/users\/1"}],"replies":[{"embeddable":true,"href":"https:\/\/www.refrat.de\/semtix\/wordpress\/wp-json\/wp\/v2\/comments?post=86"}],"version-history":[{"count":9,"href":"https:\/\/www.refrat.de\/semtix\/wordpress\/wp-json\/wp\/v2\/pages\/86\/revisions"}],"predecessor-version":[{"id":1517,"href":"https:\/\/www.refrat.de\/semtix\/wordpress\/wp-json\/wp\/v2\/pages\/86\/revisions\/1517"}],"up":[{"embeddable":true,"href":"https:\/\/www.refrat.de\/semtix\/wordpress\/wp-json\/wp\/v2\/pages\/122"}],"wp:attachment":[{"href":"https:\/\/www.refrat.de\/semtix\/wordpress\/wp-json\/wp\/v2\/media?parent=86"}],"curies":[{"name":"wp","href":"https:\/\/api.w.org\/{rel}","templated":true}]}}