{"id":756,"date":"2014-10-01T18:29:05","date_gmt":"2014-10-01T16:29:05","guid":{"rendered":"http:\/\/www.refrat.de\/semtix\/wordpress\/?page_id=756"},"modified":"2022-08-01T16:15:17","modified_gmt":"2022-08-01T14:15:17","slug":"allgemeines","status":"publish","type":"page","link":"https:\/\/www.refrat.de\/semtix\/wordpress\/semesterticket\/allgemeines\/","title":{"rendered":"Allgemeines"},"content":{"rendered":"<p>Wo und wie dein Semesterticket gilt, ist in \u00a71, Abs. 3 der <a title=\"Semesterticket-Satzung\" href=\"https:\/\/www.amb.hu-berlin.de\/2012\/46\/46_2012_Neue%20Semesterticketsatzung%20_DRUCK.pdf\" target=\"_blank\" rel=\"noopener\">Semesterticket-Satzung<\/a> geregelt. Die wichtigsten Punkte:<\/p>\n<ul>\n<li>Das Semesterticket ist nicht \u00fcbertragbar.<\/li>\n<li><del>Das Semesterticket darf <strong>nicht<\/strong> laminiert (eingeschweisst) werden! Es wird sonst nicht mehr als g\u00fcltig anerkannt.<\/del> Das war v.a. vor der Einf\u00fchrung der Campuscard relevant. Die Karte solltet ihr aber auch nicht laminieren.<\/li>\n<li>Es gilt im Tarifbereich Berlin ABC in Nahverkehrsmitteln des VBB (d.h. U- und S-Bahn, Busse, Trams, F\u00e4hren und Regionalbahnen, ausgenommen Ausflugs- und Sonderlinien).<\/li>\n<li>Es gilt im jeweiligen Wintersemester vom 01. Oktober &#8211; 31. M\u00e4rz und im Sommersemester von 01.April &#8211; 30. September, au\u00dferdem jeweils einen Tag vorher und nachher ab\/bis 0.00 Uhr.<\/li>\n<li>Ihr k\u00f6nnt mit eurem Semesterticket unentgeltlich Kinder bis 6 Jahre (auf F\u00e4hren bis zu 3 Kinder), Gep\u00e4ck, einen Hund, einen Kinderwagen und ein Fahrrad mitnehmen (auch gleichzeitig).<\/li>\n<li>Das Semesterticket gilt in Verbindung mit einem g\u00fcltigen amtlichen Lichtbildausweis (z.B. Perso oder Reisepass) oder einem g\u00fcltigen internationalen Studierendenausweis (ISIC), den ihr in vielen Reiseb\u00fcros oder auch beim RefRat beantragen k\u00f6nnt.<\/li>\n<\/ul>\n<p>Ansonsten:<\/p>\n<ul>\n<li><a title=\"Ticket verloren\" href=\"http:\/\/www.refrat.de\/semtix\/wordpress\/semesterticket\/ticket-verloren\/\" target=\"_blank\" rel=\"noopener\">Was tun bei verlorenem Ticket?<\/a><\/li>\n<li><a title=\"Befreiung und Erstattung vom Semesterticket\" href=\"http:\/\/www.refrat.de\/semtix\/wordpress\/semesterticket\/befreiung-erstattung\/\" target=\"_blank\" rel=\"noopener\">Befreiung vom oder Erstattung des Semestertickets<\/a><\/li>\n<li><a title=\"Brandenburg Zusatzticket\" href=\"http:\/\/www.refrat.de\/semtix\/wordpress\/semesterticket\/brandenburg-zusatzticket\/\" target=\"_blank\" rel=\"noopener\">Zusatzticket f\u00fcr Brandenburg au\u00dferhalb Tarifbereich ABC<\/a><\/li>\n<li><a title=\"Semesterticketvertrag und Preise\" href=\"http:\/\/www.refrat.de\/semtix\/wordpress\/semesterticket\/semesterticketvertrag-und-preise\/\" target=\"_blank\" rel=\"noopener\">Semesterticketvertrag und Preise<\/a><\/li>\n<\/ul>\n","protected":false},"excerpt":{"rendered":"<p>Wo und wie dein Semesterticket gilt, ist in \u00a71, Abs. 3 der Semesterticket-Satzung geregelt. Die wichtigsten Punkte: Das Semesterticket ist nicht \u00fcbertragbar. Das Semesterticket darf nicht laminiert (eingeschweisst) werden! Es wird sonst nicht mehr als g\u00fcltig anerkannt. Das war v.a. &hellip; <a href=\"https:\/\/www.refrat.de\/semtix\/wordpress\/semesterticket\/allgemeines\/\">Weiterlesen <span class=\"meta-nav\">&rarr;<\/span><\/a><\/p>\n","protected":false},"author":2,"featured_media":0,"parent":122,"menu_order":0,"comment_status":"closed","ping_status":"closed","template":"","meta":{"_lmt_disableupdate":"no","_lmt_disable":"no","footnotes":""},"class_list":["post-756","page","type-page","status-publish","hentry"],"_links":{"self":[{"href":"https:\/\/www.refrat.de\/semtix\/wordpress\/wp-json\/wp\/v2\/pages\/756","targetHints":{"allow":["GET"]}}],"collection":[{"href":"https:\/\/www.refrat.de\/semtix\/wordpress\/wp-json\/wp\/v2\/pages"}],"about":[{"href":"https:\/\/www.refrat.de\/semtix\/wordpress\/wp-json\/wp\/v2\/types\/page"}],"author":[{"embeddable":true,"href":"https:\/\/www.refrat.de\/semtix\/wordpress\/wp-json\/wp\/v2\/users\/2"}],"replies":[{"embeddable":true,"href":"https:\/\/www.refrat.de\/semtix\/wordpress\/wp-json\/wp\/v2\/comments?post=756"}],"version-history":[{"count":7,"href":"https:\/\/www.refrat.de\/semtix\/wordpress\/wp-json\/wp\/v2\/pages\/756\/revisions"}],"predecessor-version":[{"id":1889,"href":"https:\/\/www.refrat.de\/semtix\/wordpress\/wp-json\/wp\/v2\/pages\/756\/revisions\/1889"}],"up":[{"embeddable":true,"href":"https:\/\/www.refrat.de\/semtix\/wordpress\/wp-json\/wp\/v2\/pages\/122"}],"wp:attachment":[{"href":"https:\/\/www.refrat.de\/semtix\/wordpress\/wp-json\/wp\/v2\/media?parent=756"}],"curies":[{"name":"wp","href":"https:\/\/api.w.org\/{rel}","templated":true}]}}