{"id":72,"date":"2012-05-07T12:56:34","date_gmt":"2012-05-07T12:56:34","guid":{"rendered":"http:\/\/www.refrat.de\/semtix\/wordpress\/?page_id=72"},"modified":"2024-05-13T16:06:51","modified_gmt":"2024-05-13T14:06:51","slug":"kontakt","status":"publish","type":"page","link":"https:\/\/www.refrat.de\/semtix\/wordpress\/kontakt\/","title":{"rendered":"Kontakt"},"content":{"rendered":"<ul>\n<li><strong><strong><strong>Pers\u00f6nliche Beratung:<br \/>\n<\/strong><\/strong><\/strong>Montag, 12:00-14:00 (deutsch, english)<br \/>\nMittwoch, 14:30-16:30 (deutsch, englisch, spanisch)<br \/>\nRaum 1050, Unter den Linden 6<br \/>\n(Haupteingang, dann links am Ende des Flures).<br \/>\nWir bitten euch eine Maske zu tragen. Die Beratenden sind getestet und symptomfrei, und k\u00f6nnen bei Bedarf eine Maske aufsetzen.<\/li>\n<\/ul>\n<p>Alle, die im SoSe24 Individualzahlung gemacht haben, bitte per Mail weiterhin einen pers\u00f6nlichen Termin vereinbaren.<\/p>\n<ul>\n<li><strong>Telefon <\/strong>(zu den Beratungszeiten oder auf gut Gl\u00fcck): (030) 2093-70296<\/li>\n<li><strong>E-Mail<\/strong>: semtix@refrat.hu-berlin.de<\/li>\n<li><strong>Fax<\/strong>: (030) 2093-70299 (wenn m\u00f6glich schreibt uns zus\u00e4tzlich eine E-Mail um sicherzugehen, dass das Fax angekommen ist)<\/li>\n<li><strong>Postadresse:<br \/>\n<\/strong>Semesterticketb\u00fcro<br \/>\nHumboldt-Universit\u00e4t zu Berlin<br \/>\nUnter den Linden 6<br \/>\n10099 Berlin<\/li>\n<li>Ihr k\u00f6nnt uns eure Unterlagen zum Zuschussantrag auch gerne pers\u00f6nlich in den <strong>Briefkasten vor unserem B\u00fcro<\/strong> werfen:<br \/>\nHauptgeb\u00e4ude der HU<br \/>\nUnter den Linden 6<br \/>\nRaum 1050 (Haupteingang, dann links am Ende des Flures).<\/li>\n<\/ul>\n","protected":false},"excerpt":{"rendered":"<p>Pers\u00f6nliche Beratung: Montag, 12:00-14:00 (deutsch, english) Mittwoch, 14:30-16:30 (deutsch, englisch, spanisch) Raum 1050, Unter den Linden 6 (Haupteingang, dann links am Ende des Flures). Wir bitten euch eine Maske zu tragen. Die Beratenden sind getestet und symptomfrei, und k\u00f6nnen bei &hellip; <a href=\"https:\/\/www.refrat.de\/semtix\/wordpress\/kontakt\/\">Weiterlesen <span class=\"meta-nav\">&rarr;<\/span><\/a><\/p>\n","protected":false},"author":1,"featured_media":0,"parent":0,"menu_order":0,"comment_status":"closed","ping_status":"closed","template":"","meta":{"_lmt_disableupdate":"no","_lmt_disable":"no","footnotes":""},"class_list":["post-72","page","type-page","status-publish","hentry"],"_links":{"self":[{"href":"https:\/\/www.refrat.de\/semtix\/wordpress\/wp-json\/wp\/v2\/pages\/72","targetHints":{"allow":["GET"]}}],"collection":[{"href":"https:\/\/www.refrat.de\/semtix\/wordpress\/wp-json\/wp\/v2\/pages"}],"about":[{"href":"https:\/\/www.refrat.de\/semtix\/wordpress\/wp-json\/wp\/v2\/types\/page"}],"author":[{"embeddable":true,"href":"https:\/\/www.refrat.de\/semtix\/wordpress\/wp-json\/wp\/v2\/users\/1"}],"replies":[{"embeddable":true,"href":"https:\/\/www.refrat.de\/semtix\/wordpress\/wp-json\/wp\/v2\/comments?post=72"}],"version-history":[{"count":37,"href":"https:\/\/www.refrat.de\/semtix\/wordpress\/wp-json\/wp\/v2\/pages\/72\/revisions"}],"predecessor-version":[{"id":2235,"href":"https:\/\/www.refrat.de\/semtix\/wordpress\/wp-json\/wp\/v2\/pages\/72\/revisions\/2235"}],"wp:attachment":[{"href":"https:\/\/www.refrat.de\/semtix\/wordpress\/wp-json\/wp\/v2\/media?parent=72"}],"curies":[{"name":"wp","href":"https:\/\/api.w.org\/{rel}","templated":true}]}}