{"id":66,"date":"2016-06-06T12:34:46","date_gmt":"2016-06-06T10:34:46","guid":{"rendered":"http:\/\/www.refrat.de\/semtix\/wordpress\/?page_id=66"},"modified":"2026-01-27T18:15:43","modified_gmt":"2026-01-27T17:15:43","slug":"formulare","status":"publish","type":"page","link":"https:\/\/www.refrat.de\/semtix\/wordpress\/formulare\/","title":{"rendered":"Formulare"},"content":{"rendered":"<h1><strong>Wenn ihr zum SoSe 26 neu immatrikuliert seid (auch Studierende im Master), k\u00f6nnt ihr uns noch bis 6 Wochen nach der Immatrikulation euren Antrag schicken.<\/strong><\/h1>\n<p>&nbsp;<\/p>\n<p><em>Die Formulare enthalten Hinweise zum Ausf\u00fcllen. Bitte lest sie gr\u00fcndlich und kontaktiert uns gerne per E-Mail oder telefonisch, falls ihr weitere Fragen habt.<\/em><\/p>\n<p><strong style=\"text-align: justify;\">Formulare f\u00fcr Studis der Humboldt-Universit\u00e4t (HU):<\/strong><\/p>\n<ul>\n<li><a href=\"https:\/\/www.refrat.de\/semtix\/wordpress\/wp-content\/uploads\/Antragsformular_SoSe26_HU_de-1.pdf\">Antragsformular SoSe26 HU (deutsch)<\/a><\/li>\n<li><a href=\"https:\/\/www.refrat.de\/semtix\/wordpress\/wp-content\/uploads\/Application_Form_SoSe26_HU_en.pdf\">Application form SoSe26 HU (english)<\/a><\/li>\n<\/ul>\n<p><strong>Formulare f\u00fcr Studis der Wei\u00dfensee Kunsthochschule (KHB):<\/strong><\/p>\n<ul>\n<li><a href=\"https:\/\/www.refrat.de\/semtix\/wordpress\/wp-content\/uploads\/Antragsformular_SoSe26_KHB_de.pdf\">Antragsformular SoSe26 KHB (deutsch)<\/a><\/li>\n<li><a href=\"https:\/\/www.refrat.de\/semtix\/wordpress\/wp-content\/uploads\/Application_Form_SoSe26_KHB_en.pdf\">Application form SoSe26 KHB (english)<\/a><\/li>\n<\/ul>\n<p>Ihr k\u00f6nnt uns die Antr\u00e4ge auf folgenden Wegen schicken:<\/p>\n<ul>\n<li><strong>per Post<\/strong> an:<br \/>\nHumboldt-Universit\u00e4t zu Berlin<br \/>\nSEMESTERTICKETB\u00dcRO<br \/>\nUnter den Linden 6<br \/>\n10099 Berlin<\/li>\n<li><strong>per E-Mail<\/strong> an semtix@refrat.hu-berlin.de<\/li>\n<li>Oder ihr werft sie in den <strong>Briefkasten<\/strong> in der Ecke vor unserem B\u00fcro (<a href=\"http:\/\/www.openstreetmap.org\/?lat=52.51788&amp;lon=13.39384&amp;zoom=17&amp;layers=M\"><strong>Unter den Linden 6<\/strong><\/a>, Raum <strong>1050<\/strong>).<\/li>\n<\/ul>\n<p><strong>Zusatzinfo zu ver\u00e4nderten Berechnungszeitraum f\u00fcr neu Immatrikulierte:\u00a0 <\/strong>Alle Studierenden im ersten Semester (auch f\u00fcr Master-Studierende) k\u00f6nnen entweder den regul\u00e4ren Berechnungszeitraum wie auf dem Formular angegeben verwenden oder aber abweichend <strong>die 6 Monate vor dem Monat der Antragstellung<\/strong>. Das hei\u00dft, wenn ihr den Antrag im September stellt, macht ihr eure Angaben samt Nachweisen f\u00fcr die Monate M\u00e4rz bis August. Stellt ihr den Antrag im Oktober, sind es die Monate April bis September. Bitte \u00e4ndert in dem Fall die Zeitr\u00e4ume auf dem Formular von Hand.<\/p>\n<p>In Ausnahmef\u00e4llen, z. B. wenn ihr erst in den letzten sechs Monaten nach Deutschland gezogen seid oder sich eure Lebensumst\u00e4nde anderweitig deutlich ver\u00e4ndert haben, kann der Berechnungszeitraum verk\u00fcrzt werden. Bitte kontaktiert uns in dem Fall per Email.<\/p>\n","protected":false},"excerpt":{"rendered":"<p>Wenn ihr zum SoSe 26 neu immatrikuliert seid (auch Studierende im Master), k\u00f6nnt ihr uns noch bis 6 Wochen nach der Immatrikulation euren Antrag schicken. &nbsp; Die Formulare enthalten Hinweise zum Ausf\u00fcllen. Bitte lest sie gr\u00fcndlich und kontaktiert uns gerne &hellip; <a href=\"https:\/\/www.refrat.de\/semtix\/wordpress\/formulare\/\">Weiterlesen <span class=\"meta-nav\">&rarr;<\/span><\/a><\/p>\n","protected":false},"author":1,"featured_media":0,"parent":0,"menu_order":0,"comment_status":"closed","ping_status":"closed","template":"","meta":{"_lmt_disableupdate":"no","_lmt_disable":"no","footnotes":""},"class_list":["post-66","page","type-page","status-publish","hentry"],"_links":{"self":[{"href":"https:\/\/www.refrat.de\/semtix\/wordpress\/wp-json\/wp\/v2\/pages\/66","targetHints":{"allow":["GET"]}}],"collection":[{"href":"https:\/\/www.refrat.de\/semtix\/wordpress\/wp-json\/wp\/v2\/pages"}],"about":[{"href":"https:\/\/www.refrat.de\/semtix\/wordpress\/wp-json\/wp\/v2\/types\/page"}],"author":[{"embeddable":true,"href":"https:\/\/www.refrat.de\/semtix\/wordpress\/wp-json\/wp\/v2\/users\/1"}],"replies":[{"embeddable":true,"href":"https:\/\/www.refrat.de\/semtix\/wordpress\/wp-json\/wp\/v2\/comments?post=66"}],"version-history":[{"count":106,"href":"https:\/\/www.refrat.de\/semtix\/wordpress\/wp-json\/wp\/v2\/pages\/66\/revisions"}],"predecessor-version":[{"id":2479,"href":"https:\/\/www.refrat.de\/semtix\/wordpress\/wp-json\/wp\/v2\/pages\/66\/revisions\/2479"}],"wp:attachment":[{"href":"https:\/\/www.refrat.de\/semtix\/wordpress\/wp-json\/wp\/v2\/media?parent=66"}],"curies":[{"name":"wp","href":"https:\/\/api.w.org\/{rel}","templated":true}]}}