{"id":53,"date":"2012-05-07T11:54:46","date_gmt":"2012-05-07T11:54:46","guid":{"rendered":"http:\/\/www.refrat.de\/semtix\/wordpress\/?page_id=53"},"modified":"2012-05-29T16:46:24","modified_gmt":"2012-05-29T14:46:24","slug":"haerten","status":"publish","type":"page","link":"https:\/\/www.refrat.de\/semtix\/wordpress\/antrag-stellen\/haerten\/","title":{"rendered":"H\u00e4rten"},"content":{"rendered":"<p>Die <strong>besonderen H\u00e4rten<\/strong> sind ein Versuch eure Schwierigkeiten bei der Semesterticketgeb\u00fchrbeschaffung durch Vergabe von Extrapunkten darzustellen. Details zu den Punkten und Punktwerten gibt es <a title=\"Berechnungsweise\" href=\"http:\/\/www.refrat.de\/semtix\/wordpress\/antrag-stellen\/berechnungsweise\/\">hier<\/a><\/p>\n<p>Diese <strong>besonderen H\u00e4rten<\/strong> vergeben wir:<\/p>\n<p>&nbsp;<\/p>\n<p><strong>Studienabschluss:<\/strong> Gemeint sind angemeldete Studienabschlusspr\u00fcfungen (Examen, Magister-, Bachelorarbeit, m\u00fcndliche Pr\u00fcfungen im Rahmen angemeldeter Studienabschlussverfahren u.\u00e4.). Die Anmeldung des Studienabschlusses, das Ablegen der Pr\u00fcfung oder die Abgabe der Abschlussarbeit muss im Berechnungszeitraum (plus einen Monat Toleranz) des jeweiligen Antragssemesters erfolgt sein. Promotion gilt nicht als besondere H\u00e4rte Studienabschluss. <strong>Nachweis:<\/strong> Kopie einer Anmeldebest\u00e4tigung zur Abschlusspr\u00fcfung bzw. -arbeit, des Abschlusszeugnisses oder eines entsprechenden Dokumentes, aus dem das Datum der Pr\u00fcfung, der Pr\u00fcfungsanmeldung oder das Abgabedatum der Arbeit hervorgeht.<\/p>\n<p><strong>Praktikum:<\/strong> Ein Praktikum wird nur dann als soziale H\u00e4rte anerkannt, wenn es unbezahlt oder gering verg\u00fctet war und einen w\u00f6chentlichen Zeitaufwand von 30 Stunden umfasste. Der Zeitraum des Praktikums muss mit mindestens einem Tag im Berechnungszeitraum gelegen haben. Das Praktikum muss mindestens eine Dauer von drei Monaten gehabt haben. Als <strong>Nachweis<\/strong> gilt jede Art von Beleg, der Zeitpunkt, L\u00e4nge und Verg\u00fctung des Praktikums angibt.<\/p>\n<p><strong>eingeschr\u00e4nkte (nicht vorhandene) Arbeitserlaubnis:\u00a0<\/strong>Falls du aufgrund deiner Staatsb\u00fcrgerschaft nicht unbegrenzt in Deutschland arbeiten darfst<br \/>\n(Aufenthaltsstatus), kann dies als besondere H\u00e4rte geltend gemacht werden. Als <strong>Nachweis<\/strong> gilt eine Kopie der Aufenthaltsbewilligung und der Arbeitseinschr\u00e4nkung aus dem Pass.<\/p>\n<p><strong>medizinische Kosten:<\/strong> Antragsteller_Innen mit besonderen Kosten f\u00fcr medizinische oder psychologische Leistungen die nicht von der Krankenkasse getragen werden, k\u00f6nnen dies als soziale H\u00e4rte geltend machen, sobald die Kosten einen Betrag von 250 \u20ac innerhalb des Berechnungszeitraumes \u00fcberschreiten. Als <strong>Nachweise<\/strong> gelten die Rechnungen bzw. Quittungen \u00fcber die bezahlten Leistungen. Bei der Bedarfsberechnung werden die angegebenen Kosten, auch wenn sie unter 250 \u20ac pro Berechnungszeitraum betragen, ber\u00fccksichtigt.<\/p>\n<p><strong>Schwangerschaft:<\/strong> Diese H\u00e4rte wird vergeben, wenn du mindestens einen Tag im Berechnungszeitraum schwanger warst. Wurde dein Kind im Berechnungszeitraum geboren, wird diese H\u00e4rte durch die H\u00e4rte \u201eIch erzog ein Kind unter 18 Jahren\u201c (s.u.) abgel\u00f6st. Gab es schon andere Kinder im Haushalt, wird die H\u00e4rte Schwangerschaft zus\u00e4tzlich zur H\u00e4rte \u201eIch erzog ein Kind unter 18 Jahren\u201c vergeben. <strong>Nachweis:<\/strong> Kopie oder Vorlage des Mutterpasses oder eines \u00e4rztlichen Attestes.<\/p>\n<p><strong>Alleinerziehung:<\/strong> Diese H\u00e4rte wird vergeben, wenn du alleine f\u00fcr die Erziehung und Betreuung mindestens eines Kindes zust\u00e4ndig warst. <strong>Nachweis:<\/strong> z.B. Unterhaltserkl\u00e4rung, relevante Seiten des ALG II-Bescheides in Kopie.<\/p>\n<p><strong>Kind unter 18:<\/strong> Diese H\u00e4rte wird vergeben, wenn du im Berechnungszeitraum ein Kind\/Kinder unter 18 Jahren erzogen hast. <strong>Nachweis:<\/strong> Kopie von Geburtsurkunde, Passeintrag o.\u00e4.<\/p>\n<p><strong>Bezug von Leistungen nach SGB II oder SGB XII: Nachweis:<\/strong> Kopie des ALG II &#8211; bzw. des Sozialhilfebescheids oder eines Kontoauszuges, der die Zahlung im Berechnungszeitraum belegt.<\/p>\n<p><strong>Behinderung\/chronische Krankheit: Nachweis:<\/strong> Kopie oder Vorlage eines Behindertenausweises oder einer \u00e4rztlichen Bescheinigung, welche das Vorliegen einer Behinderung oder einer chronischen Krankheit belegt.<\/p>\n<p><strong>Betreuung einer_eines Pflegebed\u00fcftigen:<\/strong> Das k\u00f6nnen Ma\u00dfnahmen der Hilfestellung (Assistenz), hauswirtschaftliche oder pflegerische Unterst\u00fctzung sein. Kindererziehung ist hiermit nicht gemeint. <strong>Nachweis:<\/strong> Erkl\u00e4rung des_der Pflegebed\u00fcrftigen, \u00e4rztliche Bescheinigungen, Kopie oder Vorlage des Behindertenausweises etc.<\/p>\n<p><strong>Sonstige vergleichbare H\u00e4rte(n):<\/strong> Hier k\u00f6nnen individuelle Situationen und Belastungen formuliert werden, die zum Beispiel das Aufbringen des Semesterticket-Beitrages erschwerten. Sonstige vergleichbare H\u00e4rten sollen mit den oben genannten H\u00e4rten vergleichbar sein. Hierzu geh\u00f6rt z.B. \u201erassistische Diskriminierung bei der Jobsuche\u201c. H\u00e4rten, die oben bereits angegeben wurden, bitte hier nicht noch einmal angeben (z.B. \u201eviel Stress wegen Studienabschluss\u201c). Bei Bedarf die H\u00e4rte auf einem extra Blatt weiter erl\u00e4utern. Kosten sind im Regelfall keine H\u00e4rte.<\/p>\n","protected":false},"excerpt":{"rendered":"<p>Die besonderen H\u00e4rten sind ein Versuch eure Schwierigkeiten bei der Semesterticketgeb\u00fchrbeschaffung durch Vergabe von Extrapunkten darzustellen. Details zu den Punkten und Punktwerten gibt es hier Diese besonderen H\u00e4rten vergeben wir: &nbsp; Studienabschluss: Gemeint sind angemeldete Studienabschlusspr\u00fcfungen (Examen, Magister-, Bachelorarbeit, m\u00fcndliche &hellip; <a href=\"https:\/\/www.refrat.de\/semtix\/wordpress\/antrag-stellen\/haerten\/\">Weiterlesen <span class=\"meta-nav\">&rarr;<\/span><\/a><\/p>\n","protected":false},"author":1,"featured_media":0,"parent":157,"menu_order":0,"comment_status":"closed","ping_status":"closed","template":"","meta":{"_lmt_disableupdate":"","_lmt_disable":"","footnotes":""},"class_list":["post-53","page","type-page","status-publish","hentry"],"_links":{"self":[{"href":"https:\/\/www.refrat.de\/semtix\/wordpress\/wp-json\/wp\/v2\/pages\/53","targetHints":{"allow":["GET"]}}],"collection":[{"href":"https:\/\/www.refrat.de\/semtix\/wordpress\/wp-json\/wp\/v2\/pages"}],"about":[{"href":"https:\/\/www.refrat.de\/semtix\/wordpress\/wp-json\/wp\/v2\/types\/page"}],"author":[{"embeddable":true,"href":"https:\/\/www.refrat.de\/semtix\/wordpress\/wp-json\/wp\/v2\/users\/1"}],"replies":[{"embeddable":true,"href":"https:\/\/www.refrat.de\/semtix\/wordpress\/wp-json\/wp\/v2\/comments?post=53"}],"version-history":[{"count":6,"href":"https:\/\/www.refrat.de\/semtix\/wordpress\/wp-json\/wp\/v2\/pages\/53\/revisions"}],"predecessor-version":[{"id":210,"href":"https:\/\/www.refrat.de\/semtix\/wordpress\/wp-json\/wp\/v2\/pages\/53\/revisions\/210"}],"up":[{"embeddable":true,"href":"https:\/\/www.refrat.de\/semtix\/wordpress\/wp-json\/wp\/v2\/pages\/157"}],"wp:attachment":[{"href":"https:\/\/www.refrat.de\/semtix\/wordpress\/wp-json\/wp\/v2\/media?parent=53"}],"curies":[{"name":"wp","href":"https:\/\/api.w.org\/{rel}","templated":true}]}}