{"id":311,"date":"2012-11-02T13:58:19","date_gmt":"2012-11-02T12:58:19","guid":{"rendered":"http:\/\/www.refrat.de\/semtix\/wordpress\/?page_id=311"},"modified":"2012-11-02T14:00:40","modified_gmt":"2012-11-02T13:00:40","slug":"zusatzinfo-erstsemester","status":"publish","type":"page","link":"https:\/\/www.refrat.de\/semtix\/wordpress\/formulare\/zusatzinfo-erstsemester\/","title":{"rendered":"Zusatzinfo Erstsemester"},"content":{"rendered":"<p align=\"JUSTIFY\">F\u00fcr alle Studierenden im ersten Semester (auch f\u00fcr Master-Studien-Anf\u00e4nger_innen) gilt folgender, vom Formular abweichender, Berechnungszeitraum: <strong>die 6 Monate vor dem Monat der Antragstellung<\/strong>. Das hei\u00dft, wenn ihr den Antrag im September stellt, macht ihr eure Angaben samt Nachweisen f\u00fcr die Monate M\u00e4rz bis August. Stellt ihr den Antrag im Oktober sind es die Monate April bis September.<\/p>\n","protected":false},"excerpt":{"rendered":"<p>F\u00fcr alle Studierenden im ersten Semester (auch f\u00fcr Master-Studien-Anf\u00e4nger_innen) gilt folgender, vom Formular abweichender, Berechnungszeitraum: die 6 Monate vor dem Monat der Antragstellung. Das hei\u00dft, wenn ihr den Antrag im September stellt, macht ihr eure Angaben samt Nachweisen f\u00fcr die &hellip; <a href=\"https:\/\/www.refrat.de\/semtix\/wordpress\/formulare\/zusatzinfo-erstsemester\/\">Weiterlesen <span class=\"meta-nav\">&rarr;<\/span><\/a><\/p>\n","protected":false},"author":1,"featured_media":0,"parent":66,"menu_order":0,"comment_status":"closed","ping_status":"closed","template":"","meta":{"_lmt_disableupdate":"","_lmt_disable":"","footnotes":""},"class_list":["post-311","page","type-page","status-publish","hentry"],"_links":{"self":[{"href":"https:\/\/www.refrat.de\/semtix\/wordpress\/wp-json\/wp\/v2\/pages\/311","targetHints":{"allow":["GET"]}}],"collection":[{"href":"https:\/\/www.refrat.de\/semtix\/wordpress\/wp-json\/wp\/v2\/pages"}],"about":[{"href":"https:\/\/www.refrat.de\/semtix\/wordpress\/wp-json\/wp\/v2\/types\/page"}],"author":[{"embeddable":true,"href":"https:\/\/www.refrat.de\/semtix\/wordpress\/wp-json\/wp\/v2\/users\/1"}],"replies":[{"embeddable":true,"href":"https:\/\/www.refrat.de\/semtix\/wordpress\/wp-json\/wp\/v2\/comments?post=311"}],"version-history":[{"count":2,"href":"https:\/\/www.refrat.de\/semtix\/wordpress\/wp-json\/wp\/v2\/pages\/311\/revisions"}],"predecessor-version":[{"id":316,"href":"https:\/\/www.refrat.de\/semtix\/wordpress\/wp-json\/wp\/v2\/pages\/311\/revisions\/316"}],"up":[{"embeddable":true,"href":"https:\/\/www.refrat.de\/semtix\/wordpress\/wp-json\/wp\/v2\/pages\/66"}],"wp:attachment":[{"href":"https:\/\/www.refrat.de\/semtix\/wordpress\/wp-json\/wp\/v2\/media?parent=311"}],"curies":[{"name":"wp","href":"https:\/\/api.w.org\/{rel}","templated":true}]}}