{"id":245,"date":"2012-07-03T15:20:17","date_gmt":"2012-07-03T13:20:17","guid":{"rendered":"http:\/\/www.refrat.de\/semtix\/wordpress\/?page_id=245"},"modified":"2022-08-01T16:54:32","modified_gmt":"2022-08-01T14:54:32","slug":"brandenburg-zusatzticket","status":"publish","type":"page","link":"https:\/\/www.refrat.de\/semtix\/wordpress\/semesterticket\/brandenburg-zusatzticket\/","title":{"rendered":"Brandenburg Zusatzticket"},"content":{"rendered":"<p>F\u00fcr Studierende mit Hauptwohnsitz in Brandenburg au\u00dferhalb des ABC-Bereichs bietet der VBB ein sogenanntes \u201eZusatzticket zum Semesterticket\u201d an. Aktuell (im Wintersemester 2022\/23) kostet es 158,40\u20ac pro Semester. (Im SoSe23 &amp; WeSe23\/24 voraussichtlich 162,60\u20ac.)<\/p>\n<p>Das Ticket ist nicht verpflichtend. Anders als das normale Semesterticket m\u00fcsst Ihr es nicht kaufen.<br \/>\nIhr k\u00f6nnt das Zusatzticket nur kaufen, wenn euer Hauptwohnsitz au\u00dferhalb des Tarifbereichs ABC ist (nachgewiesen z.B. durch Perso). Seit WiSe 18\/19 bis vorerst WiSe 19\/20 gilt es im Rahmen eines Pilotprojekts f\u00fcr das gesamte VBB, ihr k\u00f6nnt es also innerhalb des Verkehrsverbundes unbegrenzt nutzen. Anders als mit dem normalen Semesterticket k\u00f6nnt Ihr kein Fahrrad mitnehmen.<\/p>\n<p>Es gilt jeweils f\u00fcr ein Semester und ist nur zusammen mit dem Semesterticket g\u00fcltig. Da es sich nicht automatisch verl\u00e4ngert, m\u00fcsst ihr es jedes Semester neu erwerben.<\/p>\n<p><em>Einzelheiten zu den Modalit\u00e4ten:<\/em><\/p>\n<p>Das Zusatzticket m\u00fcsst Ihr bei der Deutschen Bahn zus\u00e4tzlich erwerben. Wenn ihr euer Ticket verliert (oder es aus anderen Gr\u00fcnden nicht mehr nutzbar ist), k\u00f6nnt Ihr es Euch bei der DB f\u00fcr 15 Euro neu ausstellen lassen.<br \/>\nWenn ihr schon ein anderes Ticket (z.B. ein Abo) f\u00fcr die Strecke gekauft habt, k\u00f6nnt Ihr es bei dem Verkehrsunternehmen, bei dem ihr es gekauft habt, zur\u00fcckgeben.<\/p>\n<p>Das Zusatzticket wird nur von der Deutschen Bahn ausgegeben. Wenn Ihr es nutzen wollt, m\u00fcsst Ihr einen Antrag ausf\u00fcllen. Den Antrag k\u00f6nnt ihr <a href=\"https:\/\/www.bahn.de\/p\/view\/angebot\/pendler\/verkehrsverbuende\/berlin_brbg\/vbb_semesterticket.shtml\">hier<\/a> herunterladen (Achtung, der Link \u00e4ndert sich gerne mal und uns wird das nicht gesagt, im Zweifelsfall einfach auf der VBB-Seite nach &#8222;Zusatzticket Semesterticket&#8220; suchen) oder in den Abo-Centern der Deutschen Bahn abholen.<\/p>\n<p>Den ausgef\u00fcllten und unterschriebenen Antrag m\u00fcsst Ihr per Post oder Fax an folgende Stelle schicken:<\/p>\n<div>DB Vertrieb GmbH<\/div>\n<div>Abo-Center Berlin<\/div>\n<div>Postfach 80 03 29<\/div>\n<div>21003 Hamburg<\/div>\n<div><\/div>\n<div>\n<div>Fax: (030) 29 73 70 07<\/div>\n<\/div>\n<p>Ihr k\u00f6nnt ihn auch pers\u00f6nlich in einer DB-Verkaufsstelle abgeben.<\/p>\n<p>Ihr m\u00fcsst auf jeden Fall einen Nachweis beilegen, dass Ihr au\u00dferhalb des Tarifbereichs ABC gemeldet seid. Als Nachweis gilt eine Kopie der R\u00fcckseite des deutschen Personalausweises oder ausnahmsweise eine aktuelle Meldebest\u00e4tigung (falls Ihr keinen Personalausweis habt).<br \/>\nDas Abo-Center zieht den f\u00e4lligen Betrag ein und versendet dann zeitnah das Ticket.<\/p>\n","protected":false},"excerpt":{"rendered":"<p>F\u00fcr Studierende mit Hauptwohnsitz in Brandenburg au\u00dferhalb des ABC-Bereichs bietet der VBB ein sogenanntes \u201eZusatzticket zum Semesterticket\u201d an. Aktuell (im Wintersemester 2022\/23) kostet es 158,40\u20ac pro Semester. (Im SoSe23 &amp; WeSe23\/24 voraussichtlich 162,60\u20ac.) Das Ticket ist nicht verpflichtend. Anders als &hellip; <a href=\"https:\/\/www.refrat.de\/semtix\/wordpress\/semesterticket\/brandenburg-zusatzticket\/\">Weiterlesen <span class=\"meta-nav\">&rarr;<\/span><\/a><\/p>\n","protected":false},"author":1,"featured_media":0,"parent":122,"menu_order":0,"comment_status":"closed","ping_status":"closed","template":"","meta":{"_lmt_disableupdate":"no","_lmt_disable":"no","footnotes":""},"class_list":["post-245","page","type-page","status-publish","hentry"],"_links":{"self":[{"href":"https:\/\/www.refrat.de\/semtix\/wordpress\/wp-json\/wp\/v2\/pages\/245","targetHints":{"allow":["GET"]}}],"collection":[{"href":"https:\/\/www.refrat.de\/semtix\/wordpress\/wp-json\/wp\/v2\/pages"}],"about":[{"href":"https:\/\/www.refrat.de\/semtix\/wordpress\/wp-json\/wp\/v2\/types\/page"}],"author":[{"embeddable":true,"href":"https:\/\/www.refrat.de\/semtix\/wordpress\/wp-json\/wp\/v2\/users\/1"}],"replies":[{"embeddable":true,"href":"https:\/\/www.refrat.de\/semtix\/wordpress\/wp-json\/wp\/v2\/comments?post=245"}],"version-history":[{"count":13,"href":"https:\/\/www.refrat.de\/semtix\/wordpress\/wp-json\/wp\/v2\/pages\/245\/revisions"}],"predecessor-version":[{"id":1897,"href":"https:\/\/www.refrat.de\/semtix\/wordpress\/wp-json\/wp\/v2\/pages\/245\/revisions\/1897"}],"up":[{"embeddable":true,"href":"https:\/\/www.refrat.de\/semtix\/wordpress\/wp-json\/wp\/v2\/pages\/122"}],"wp:attachment":[{"href":"https:\/\/www.refrat.de\/semtix\/wordpress\/wp-json\/wp\/v2\/media?parent=245"}],"curies":[{"name":"wp","href":"https:\/\/api.w.org\/{rel}","templated":true}]}}