{"id":224,"date":"2012-06-14T12:44:23","date_gmt":"2012-06-14T10:44:23","guid":{"rendered":"http:\/\/www.refrat.de\/semtix\/wordpress\/?page_id=224"},"modified":"2025-06-30T15:24:30","modified_gmt":"2025-06-30T13:24:30","slug":"befreiung-erstattung","status":"publish","type":"page","link":"https:\/\/www.refrat.de\/semtix\/wordpress\/semesterticket\/befreiung-erstattung\/","title":{"rendered":"Befreiung und Erstattung vom Semesterticket"},"content":{"rendered":"<h3>Informationen zum Anspruch auf das Deutschlandsemesterticket<\/h3>\n<p><em>Die folgenden Personengruppen haben <strong>keinen<\/strong> <strong>Ticketanspruch<\/strong> und sind von der Nutzung des Deutschlandsemestertickets ausgeschlossen:<\/em><\/p>\n<ul>\n<li>Studierende in Zertifikats-, Erg\u00e4nzungs-, Zusatz- und Aufbaustudien<\/li>\n<li>Studierende im Fernstudium<\/li>\n<li>Studierende in weiterbildenden Masterstudieng\u00e4ngen<\/li>\n<li>Beurlaubte Studierende<\/li>\n<\/ul>\n<p>Studierende<strong> mit Bezugspflicht<\/strong> f\u00fcr das Deutschlandsemesterticket sind also:<\/p>\n<ul>\n<li>Alle Studierenden, die als Haupth\u00f6rer*innen an der HU Berlin eingeschrieben sind, soweit sie nicht einer der oben genannten Personengruppen angeh\u00f6ren.<\/li>\n<li>Dies gilt auch f\u00fcr Studierende im Teilzeitstudium mit einem Umfang von 50 % oder 75 %<\/li>\n<li>Ebenso gilt dies f\u00fcr Studierende, die \u00fcber ein Firmenticket verf\u00fcgen.<\/li>\n<\/ul>\n<p><span style=\"font-size: 10px; letter-spacing: 0.1em; text-transform: uppercase;\">Das in der Vergangenheit teilweise vorgesehene Wahlrecht der oben genannten Personengruppen zum Bezug des Semestertickets entf\u00e4llt ausnahmslos.<\/span><\/p>\n<h3>Antragsbasierte Befreiung vom Deutschlandsemesterticket<\/h3>\n<p><em>Eine <strong>antragsbasierte Befreiung<\/strong> von der Bezugspflicht ist ausschlie\u00dflich f\u00fcr die folgenden Studierendengruppen m\u00f6glich:<\/em><\/p>\n<ul>\n<li>Schwerbehinderte Studierende, die nach dem SGB IX Anspruch auf Bef\u00f6rderung haben <strong>und<\/strong> den Besitz des Beiblattes zum Schwerbehindertenausweis und der zugeh\u00f6rigen Wertmarke nachweisen<\/li>\n<li>Studierende, die mit einem \u00e4rztlichen Attest nachweisen k\u00f6nnen, dass sie aus gesundheitlichen Gr\u00fcnden das Semesterticket nicht nutzen k\u00f6nnten<\/li>\n<li>Studierende, die sich auf Grund ihres Studiums, eines Praxissemesters, eines Auslandssemesters oder im Rahmen der Abschlussarbeit f\u00fcr mindestens drei zusammenh\u00e4ngende Monate des jeweiligen Semesters au\u00dferhalb des Geltungsbereichs des Deutschlandsemestertickets aufhalten<\/li>\n<li>Studierende, die an einer weiteren Hochschule in Deutschland immatrikuliert sind und \u00fcber diese Hochschule bereits das Deutschlandsemesterticket beziehen<\/li>\n<\/ul>\n<p><span style=\"font-size: 10px; letter-spacing: 0.1em; text-transform: uppercase;\">Antr\u00e4ge auf Befreiung m\u00fcsst ihr formlos und unter Beif\u00fcgung der entsprechenden Nachweise so rechtzeitig stellen, dass eine Bearbeitung noch vor Beginn des jeweiligen Semesters erfolgen kann, sp\u00e4testens jedoch bis vier Wochen nach Vorlesungsbeginn des jeweiligen Semesters. Kontaktiert hierzu bitte das Referat Studierendenservice \u00fcber das Compass-Kontaktformular.<\/span><\/p>\n<h3>Informationen zur Campus-Card<\/h3>\n<p>Die Campus-Card wird weiterhin ausgegeben und muss zur Verl\u00e4ngerung ihrer G\u00fcltigkeit validiert werden. Sie ist weiterhin<\/p>\n<ul>\n<li>Studierendenausweis,<\/li>\n<li>Bibliotheksausweis und<\/li>\n<li>MensaCard.<\/li>\n<\/ul>\n<p>Auf ihr werden k\u00fcnftig jedoch <strong>keine Informationen mehr zur G\u00fcltigkeit des Semestertickets<\/strong> ausgewiesen. Das Deutschlandsemesterticket wird den Berechtigten <strong>ausschlie\u00dflich als digitales Wallet- oder Web-Ticket (Handy, Tablet)<\/strong> \u00fcber einen Dienstleister der Verkehrsunternehmen zur Verf\u00fcgung gestellt. Weitere Informationen sollen hierzu vor Beginn des Sommersemesters 2024 nach der Anmeldung mit euren studentischen HU-Accounts im AGNES-Portal zu finden sein.<\/p>\n<p>&nbsp;<\/p>\n<p>&nbsp;<\/p>\n<p>&nbsp;<\/p>\n<hr \/>\n<p><em>&#8212; folgende Informationen sind nicht mehr aktuell und beziehen sich auf das Semesterticket, das es bis WiSe23\/24 an der HU gab &#8212;<\/em><\/p>\n<h3><strong><span style=\"font-family: Liberation Mono, monospace;\"><span style=\"font-size: small;\">Befreiung vom Semesterticket<\/span><\/span><\/strong><\/h3>\n<p>&nbsp;<\/p>\n<p><span style=\"font-family: Liberation Mono, monospace;\"><span style=\"font-size: small;\">Studierende k\u00f6nnen einen Antrag auf Befreiung von der Pflicht zum Semesterticket stellen. Die Studierenden <b>erhalten dann kein Semesterticket<\/b> und m\u00fcssen es auch nicht bezahlen. <strong>Antr\u00e4ge auf Befreiung vom Semesterticket sind nicht an uns, sondern immer an das Immatrikulationsb\u00fcro der HU zu richten.<\/strong> Die Befreiung vom Semesterticket ist etwas anderes als der Zuschuss-Antrag, der beim Semtix gestellt wird.<\/span><\/span><\/p>\n<p><span style=\"font-family: Liberation Mono, monospace;\"><span style=\"font-size: small;\"><strong>Die Antragsfrist f\u00fcr die Befreiung vom Semesterticket endet mit Ablauf der Hauptr\u00fcckmeldefrist.<\/strong> Im Falle der Exmatrikulation kann man eine Erstattung des Semestertickets f\u00fcr volle nicht genutzte Monate ab dem Zeitpunkt der R\u00fcckgabe der Campus-Card beantragen. Eine r\u00fcckwirkende Befreiung\/Erstattung f\u00fcr ein laufendes oder vergangene Semester ist ausgeschlossen.<\/span><\/span><\/p>\n<p><span style=\"color: #000000;\"><span style=\"font-family: Liberation Mono, monospace;\"><span style=\"font-size: small;\">In folgenden F\u00e4llen geht der <\/span><\/span><\/span><span style=\"color: #000000;\"><span style=\"font-family: Liberation Mono, monospace;\"><span style=\"font-size: small;\">Antrag auf Befreiung formlos und mit Nachweis \u00fcber das Kontaktformular der HU: : <a href=\"https:\/\/hu.berlin\/kontakt\">https:\/\/hu.berlin\/kontakt<\/a><\/span><\/span><\/span><\/p>\n<ul>\n<li><span style=\"color: #000000;\"><span style=\"font-family: Liberation Mono, monospace;\"><span style=\"font-size: small;\">Studierende mit einem <\/span><\/span><\/span><strong><span style=\"color: #000000;\"><span style=\"font-family: Liberation Mono, monospace;\"><span style=\"font-size: small;\">Schwerbehindertenausweis<\/span><\/span><\/span><\/strong><span style=\"color: #000000;\"><span style=\"font-family: Liberation Mono, monospace;\"><span style=\"font-size: small;\"> und Anspruch auf Bef\u00f6rderung nach Kapitel 13 des Neunten Buches des Sozialgesetzbuches (dies sind alle Studierenden, die eine Wertmarke zu Ihrem Schwerbehindertenausweis erwerben d\u00fcrfen) <\/span><\/span><\/span><span style=\"color: #000000;\"><span style=\"font-family: Liberation Mono, monospace;\"><span style=\"font-size: small;\"><i>Nachweis: beidseitige Kopie des Schwerbehindertenausweises<\/i><\/span><\/span><\/span><\/li>\n<li><span style=\"font-family: Liberation Mono, monospace;\"><span style=\"font-size: small;\">Studierende, die auf Grund einer Behinderung oder Krankheit<b> den \u00f6ffentlichen Nahverkehr nicht nutzen k\u00f6nnen. <\/b><i>Nachweis: \u00e4rztliches Attest.<\/i><\/span><\/span><\/li>\n<li><span style=\"color: #000000;\"><span style=\"font-family: Liberation Mono, monospace;\"><span style=\"font-size: small;\">Studierende, die sich <\/span><\/span><\/span><span style=\"color: #000000;\"><span style=\"font-family: Liberation Mono, monospace;\"><span style=\"font-size: small;\"><b>auf Grund ihres Studiums<\/b><\/span><\/span><\/span><span style=\"color: #000000;\"><span style=\"font-family: Liberation Mono, monospace;\"><span style=\"font-size: small;\">, eines <\/span><\/span><\/span><strong><span style=\"color: #000000;\"><span style=\"font-family: Liberation Mono, monospace;\"><span style=\"font-size: small;\">Praxissemesters<\/span><\/span><\/span><\/strong><span style=\"color: #000000;\"><span style=\"font-family: Liberation Mono, monospace;\"><span style=\"font-size: small;\">, eines <\/span><\/span><\/span><strong><span style=\"color: #000000;\"><span style=\"font-family: Liberation Mono, monospace;\"><span style=\"font-size: small;\">Auslandssemesters<\/span><\/span><\/span><\/strong><span style=\"color: #000000;\"><span style=\"font-family: Liberation Mono, monospace;\"><span style=\"font-size: small;\"> oder im Rahmen einer <\/span><\/span><\/span><strong><span style=\"color: #000000;\"><span style=\"font-family: Liberation Mono, monospace;\"><span style=\"font-size: small;\">Studienabschlussarbeit<\/span><\/span><\/span><\/strong><span style=\"color: #000000;\"><span style=\"font-family: Liberation Mono, monospace;\"><span style=\"font-size: small;\"> f\u00fcr mindestens vier zusammenh\u00e4ngende Monate des jeweiligen Semesters au\u00dferhalb des Geltungsbereiches des Semestertickets aufhalten.<\/span><\/span><\/span><\/li>\n<li><span style=\"color: #000000;\"><span style=\"font-family: Liberation Mono, monospace;\"><span style=\"font-size: small;\">Studierende, die f\u00fcr <\/span><\/span><\/span><strong><span style=\"color: #000000;\"><span style=\"font-family: Liberation Mono, monospace;\"><span style=\"font-size: small;\">Erg\u00e4nzungs-, Zusatz-, Aufbaustudieng\u00e4nge<\/span><\/span><\/span><\/strong><span style=\"color: #000000;\"><span style=\"font-family: Liberation Mono, monospace;\"><span style=\"font-size: small;\"> immatrikuliert sind, Studierende, die an <\/span><\/span><\/span><strong><span style=\"color: #000000;\"><span style=\"font-family: Liberation Mono, monospace;\"><span style=\"font-size: small;\">weiterbildenden Studien<\/span><\/span><\/span><\/strong><span style=\"color: #000000;\"><span style=\"font-family: Liberation Mono, monospace;\"><span style=\"font-size: small;\"> teilnehmen, sowie <\/span><\/span><\/span><strong><span style=\"color: #000000;\"><span style=\"font-family: Liberation Mono, monospace;\"><span style=\"font-size: small;\">Promotionsstudierende<\/span><\/span><\/span><\/strong><\/li>\n<li><span style=\"color: #000000;\"><span style=\"font-family: Liberation Mono, monospace;\"><span style=\"font-size: small;\">Studierende, die im Besitz eines <\/span><\/span><\/span><strong><span style=\"color: #000000;\"><span style=\"font-family: Liberation Mono, monospace;\"><span style=\"font-size: small;\">Firmentickets<\/span><\/span><\/span><\/strong><span style=\"color: #000000;\"><span style=\"font-family: Liberation Mono, monospace;\"><span style=\"font-size: small;\"> sind.<\/span><\/span><\/span><\/li>\n<\/ul>\n<p><span style=\"font-family: Liberation Mono, monospace;\"><span style=\"font-size: small;\">Die Befreiung geht nur f\u00fcr die Zeit, in der der Nachweis g\u00fcltig ist.<\/span><\/span><\/p>\n<p><span style=\"font-family: Liberation Mono, monospace;\"><span style=\"font-size: small;\">In folgenden F\u00e4llen wird der Antrag auf Befreiung gleichzeitig in einem anderen Antrag zusammen gestellt:<\/span><\/span><\/p>\n<ul>\n<li><span style=\"color: #000000;\"><span style=\"font-family: Liberation Mono, monospace;\"><span style=\"font-size: small;\">Studierende, die sich im <\/span><\/span><\/span><strong><span style=\"color: #000000;\"><span style=\"font-family: Liberation Mono, monospace;\"><span style=\"font-size: small;\">Urlaubssemester<\/span><\/span><\/span><\/strong><span style=\"color: #000000;\"><span style=\"font-family: Liberation Mono, monospace;\"><span style=\"font-size: small;\"> befinden. Dies gilt nur, wenn der Antrag auf Beurlaubung nicht im laufenden Semester gestellt und r\u00fcckwirkend bewilligt wird. Bei einer r\u00fcckwirkenden Beurlaubung aufgrund von Krankheit kann eine anteilige R\u00fcckerstattung voller nicht genutzter Monate des Semestertickets beantragt werden. Bei Beantragung eines Urlaubssemesters kann auf dem Antragsformular angegeben werden, ob ein Semesterticket w\u00e4hrend der Beurlaubung gew\u00fcnscht wird oder nicht. <\/span><\/span><\/span><span style=\"color: #000000;\"><span style=\"font-family: Liberation Mono, monospace;\"><span style=\"font-size: small;\">Der Antrag findet sich hier. <\/span><\/span><\/span><a href=\"https:\/\/www.hu-berlin.de\/de\/studium\/bewerbung\/formulare\/urlaub\/view\"><span style=\"color: #000000;\"><span style=\"font-family: Liberation Mono, monospace;\"><span style=\"font-size: small;\">https:\/\/www.hu-berlin.de\/de\/studium\/bewerbung\/formulare\/urlaub\/view<\/span><\/span><\/span><\/a><\/li>\n<li><span style=\"color: #000000;\"><span style=\"font-family: Liberation Mono, monospace;\"><span style=\"font-size: small;\">Studierende, die einen Antrag auf <\/span><\/span><\/span><span style=\"color: #000000;\"><span style=\"font-family: Liberation Mono, monospace;\"><span style=\"font-size: small;\"><b>Teilzeit-Studium<\/b><\/span><\/span><\/span><span style=\"color: #000000;\"><span style=\"font-family: Liberation Mono, monospace;\"><span style=\"font-size: small;\"> stellen, k\u00f6nnen die Befreiung vom Semesterticket im Antrag ankreuzen. <\/span><\/span><\/span><span style=\"color: #000000;\"><span style=\"font-family: Liberation Mono, monospace;\"><span style=\"font-size: small;\">Der Antrag befindet sich hier.<\/span><\/span><\/span> <a href=\"https:\/\/www.hu-berlin.de\/de\/studium\/bewerbung\/formulare\/Teilzeit\/view\"><span style=\"color: #000000;\"><span style=\"font-family: Liberation Mono, monospace;\"><span style=\"font-size: small;\">https:\/\/www.hu-berlin.de\/de\/studium\/bewerbung\/formulare\/Teilzeit\/view<\/span><\/span><\/span><\/a><\/li>\n<\/ul>\n<h3><\/h3>\n<h3><strong><span style=\"font-family: Liberation Mono, monospace;\"><span style=\"font-size: small;\">Erstattung von anteiligen Semesterticketbeitr\u00e4gen<\/span><\/span><\/strong><\/h3>\n<p>&nbsp;<\/p>\n<p><span style=\"color: #000000;\"><span style=\"font-family: Liberation Mono, monospace;\"><span style=\"font-size: small;\">Studierende, die nachweislich <\/span><\/span><\/span><strong><span style=\"color: #000000;\"><span style=\"font-family: Liberation Mono, monospace;\"><span style=\"font-size: small;\">mehr als einen Monat nach Semesteranfang<\/span><\/span><\/span><\/strong><span style=\"color: #000000;\"><span style=\"font-family: Liberation Mono, monospace;\"><span style=\"font-size: small;\"> immatrikuliert werden, im laufenden Semester <\/span><\/span><\/span><strong><span style=\"color: #000000;\"><span style=\"font-family: Liberation Mono, monospace;\"><span style=\"font-size: small;\">exmatrikuliert<\/span><\/span><\/span><\/strong><span style=\"color: #000000;\"><span style=\"font-family: Liberation Mono, monospace;\"><span style=\"font-size: small;\"> werden, ihre Immatrikulation zur\u00fccknehmen, im laufenden Semester <\/span><\/span><\/span><strong><span style=\"color: #000000;\"><span style=\"font-family: Liberation Mono, monospace;\"><span style=\"font-size: small;\">r\u00fcckwirkend beurlaubt<\/span><\/span><\/span><\/strong><span style=\"color: #000000;\"><span style=\"font-family: Liberation Mono, monospace;\"><span style=\"font-size: small;\"> werden oder im laufenden Semester nachweislich so <\/span><\/span><\/span><strong><span style=\"color: #000000;\"><span style=\"font-family: Liberation Mono, monospace;\"><span style=\"font-size: small;\">schwer erkranken<\/span><\/span><\/span><\/strong><span style=\"color: #000000;\"><span style=\"font-family: Liberation Mono, monospace;\"><span style=\"font-size: small;\">, dass sie zur Gew\u00e4hrung eines Urlaubssemesters berechtigt w\u00e4ren, erhalten volle nicht genutzte Monate erstattet. Der ma\u00dfgebliche Zeitpunkt f\u00fcr den Erstattungsbetrag wird durch die R\u00fcckgabe bzw. Entwertung des Semestertickets bestimmt. Eine r\u00fcckwirkende Exmatrikulation begr\u00fcndet keinen Anspruch auf r\u00fcckwirkende Erstattung von Semesterticketbeitr\u00e4gen. Gleiches gilt bei r\u00fcckwirkender Bewilligung eines Urlaubssemesters.<\/span><\/span><\/span><\/p>\n<p>&nbsp;<\/p>\n<p><em><span style=\"font-family: Liberation Mono, monospace;\"><span style=\"font-size: small;\">B<\/span><\/span><span style=\"font-family: Liberation Mono, monospace;\"><span style=\"font-size: small;\">ei der Bearbeitung der Antr\u00e4ge auf Befreiung\/Erstattung vom Semesterticket ist das Immatrikulationsb\u00fcro an die<a href=\"https:\/\/www.refrat.de\/semtix\/wordpress\/semesterticket\/allgemeines\/\"> Semesterticket-Satzung<\/a><\/span><\/span><span style=\"color: #000000;\"><span style=\"font-family: Liberation Mono, monospace;\"><span style=\"font-size: small;\"> (nach \u00a7 18 a IV BerlHG) <\/span><\/span><\/span><span style=\"color: #000000;\"><span style=\"font-family: Liberation Mono, monospace;\"><span style=\"font-size: small;\">und an den <a href=\"https:\/\/www.refrat.de\/semtix\/wordpress\/semesterticket\/semesterticketvertrag-und-preise\/\">VBB-Vertrag <\/a><\/span><\/span><\/span><span style=\"color: #000000;\"><span style=\"font-family: Liberation Mono, monospace;\"><span style=\"font-size: small;\">gebunden (ver\u00f6ffentlicht auf der Webseite des Semtix-B\u00fcros<\/span><\/span><\/span><span style=\"color: #000000;\"><span style=\"font-family: Liberation Mono, monospace;\"><span style=\"font-size: small;\">).<\/span><\/span><\/span><\/em><span style=\"color: #000000;\"><span style=\"font-family: Liberation Mono, monospace;\"><span style=\"font-size: small;\"><br \/>\n<\/span><\/span><\/span><\/p>\n","protected":false},"excerpt":{"rendered":"<p>Informationen zum Anspruch auf das Deutschlandsemesterticket Die folgenden Personengruppen haben keinen Ticketanspruch und sind von der Nutzung des Deutschlandsemestertickets ausgeschlossen: Studierende in Zertifikats-, Erg\u00e4nzungs-, Zusatz- und Aufbaustudien Studierende im Fernstudium Studierende in weiterbildenden Masterstudieng\u00e4ngen Beurlaubte Studierende Studierende mit Bezugspflicht f\u00fcr &hellip; <a href=\"https:\/\/www.refrat.de\/semtix\/wordpress\/semesterticket\/befreiung-erstattung\/\">Weiterlesen <span class=\"meta-nav\">&rarr;<\/span><\/a><\/p>\n","protected":false},"author":1,"featured_media":0,"parent":122,"menu_order":0,"comment_status":"closed","ping_status":"closed","template":"","meta":{"_lmt_disableupdate":"no","_lmt_disable":"no","footnotes":""},"class_list":["post-224","page","type-page","status-publish","hentry"],"_links":{"self":[{"href":"https:\/\/www.refrat.de\/semtix\/wordpress\/wp-json\/wp\/v2\/pages\/224","targetHints":{"allow":["GET"]}}],"collection":[{"href":"https:\/\/www.refrat.de\/semtix\/wordpress\/wp-json\/wp\/v2\/pages"}],"about":[{"href":"https:\/\/www.refrat.de\/semtix\/wordpress\/wp-json\/wp\/v2\/types\/page"}],"author":[{"embeddable":true,"href":"https:\/\/www.refrat.de\/semtix\/wordpress\/wp-json\/wp\/v2\/users\/1"}],"replies":[{"embeddable":true,"href":"https:\/\/www.refrat.de\/semtix\/wordpress\/wp-json\/wp\/v2\/comments?post=224"}],"version-history":[{"count":15,"href":"https:\/\/www.refrat.de\/semtix\/wordpress\/wp-json\/wp\/v2\/pages\/224\/revisions"}],"predecessor-version":[{"id":2383,"href":"https:\/\/www.refrat.de\/semtix\/wordpress\/wp-json\/wp\/v2\/pages\/224\/revisions\/2383"}],"up":[{"embeddable":true,"href":"https:\/\/www.refrat.de\/semtix\/wordpress\/wp-json\/wp\/v2\/pages\/122"}],"wp:attachment":[{"href":"https:\/\/www.refrat.de\/semtix\/wordpress\/wp-json\/wp\/v2\/media?parent=224"}],"curies":[{"name":"wp","href":"https:\/\/api.w.org\/{rel}","templated":true}]}}