{"id":184,"date":"2012-05-29T15:09:26","date_gmt":"2012-05-29T13:09:26","guid":{"rendered":"http:\/\/www.refrat.de\/semtix\/wordpress\/?page_id=184"},"modified":"2013-09-19T16:16:51","modified_gmt":"2013-09-19T14:16:51","slug":"nachweise","status":"publish","type":"page","link":"https:\/\/www.refrat.de\/semtix\/wordpress\/antrag-stellen\/nachweise\/","title":{"rendered":"Nachweise"},"content":{"rendered":"<p>Wie in <a title=\"Berechnungsweise\" href=\"http:\/\/www.refrat.de\/semtix\/wordpress\/antrag-stellen\/berechnungsweise\/\">Berechnungsweise<\/a> beschrieben, brauchen wir f\u00fcr viele eurer Angaben Nachweise.<\/p>\n<p>Hier eine Auflistung:<\/p>\n<p><strong>Miete:<\/strong> Kopie des Mietvertrages oder eines Kontoauszuges mit der \u00dcberweisung der Miete oder eine Erkl\u00e4rung der Person, an die du die Miete gezahlt hast.<\/p>\n<p><strong>Kranken- und Pflegeversicherung:<\/strong> Die Kopie eines Krankenkassenbescheides oder eines Kontoauszuges, aus dem die H\u00f6he deines Beitrages hervorgeht. Wenn du den studentischen Standardtarif (derzeit ca. \u20ac77,90) bezahlt hast, reicht eine Kopie deiner Versicherungskarte.<\/p>\n<p><strong>Bedarf f\u00fcr Personen, die in deinem Haushalt leben:<\/strong> F\u00fcr Kinder, Kopie der Geburtsurkunde oder eines Dokuments aus dem das Geburtsdatum hervorgeht. Wenn ein Kindergeldanspruch bestand, teile uns das bitte mit. Werden hier vollj\u00e4hrige Personen angegeben, so muss auch deren Einkommen angegeben und ggf. nachgewiesen werden \u2013 es flie\u00dft dann in die Berechnung ein.<\/p>\n<p><strong>Unterhalt an Personen, die nicht im selben Haushalt leben:<\/strong> Kopie einer Unterhaltsvereinbarung, eines entsprechenden Kontoauszuges oder eine schriftliche Erkl\u00e4rung der\/des Unterhaltsempfangenden.<\/p>\n<p><strong>Besondere Ern\u00e4hrung:<\/strong> Kopie einer \u00e4rztlichen Bescheinigung, aus der die Notwendigkeit einer besonderen Ern\u00e4hrung hervorgeht.<\/p>\n<p><strong>Kosten f\u00fcr medizinische oder psychologische Versorgung:<\/strong> Kopien von Quittungen und Rechnungen aus dem Berechnungszeitraum.<\/p>\n<p><strong>Besondere Kosten:<\/strong> Bitte auf einem Extrablatt aufschl\u00fcsseln und kurz erl\u00e4utern, um was f\u00fcr Kosten es sich handelt und warum diese aufgebracht werden mussten. Nur Kosten aus dem Berechnungszeitraum k\u00f6nnen geltend gemacht werden. <strong>Zus\u00e4tzlich<\/strong>: Kopien von Rechnungen, Quittungen etc.<\/p>\n<p><strong>Netto-Eink\u00fcnfte:<\/strong> Eink\u00fcnfte sind beispielsweise Lohn, BAF\u00f6G, Wohngeld, Stipendium, elterliche Unterst\u00fctzung, (Bildungs-)Kredite, ausgezahltes Kindergeld (sowohl f\u00fcr Antragsteller_in als auch f\u00fcr die Kinder), Elterngeld usw. Es m\u00fcssen alle Eink\u00fcnfte im Berechnungszeitraum angegeben werden, auch solche, die bar erhalten wurden. Wenn du in einem Monat keine Eink\u00fcnfte hattest, schreibe bitte \u201e0,- \u20ac\u201c oder \u201ekein Einkommen\u201c. Bitte gib ALG-II-Leistungen f\u00fcr dich oder dein\/e Kind\/er an, wenn du \u00fcber diese f\u00fcr dich oder dein\/e Kind\/er verf\u00fcgen kannst. <strong>Bitte alles nachweisen:<\/strong> z.B. durch Kopien von Verdienstabrechnungen, Erkl\u00e4rung der Eltern, Kontoausz\u00fcge, BAF\u00f6G-, Wohngeld-, ALG-II-Bescheid. Bei gleichbleibenden Eink\u00fcnften reicht ein Nachweis aus dem Berechnungszeitraum. Ist etwas nicht nachweisbar, bitten wir um R\u00fccksprache.<\/p>\n<p><strong>Schulden: <\/strong>Kopien von Kontoausz\u00fcgen, Kredit- und oder Abzahlungsvereinbarungen, Erkl\u00e4rungen privater Gl\u00e4ubiger_innen o.\u00e4.<strong><\/strong><\/p>\n<p><strong>Verm\u00f6gen: <\/strong>Kontoauszugskopie o.\u00e4.<\/p>\n<p>Falls hier etwas fehlt, ist es entweder bei den <a title=\"H\u00e4rten\" href=\"http:\/\/www.refrat.de\/semtix\/wordpress\/antrag-stellen\/haerten\/\">H\u00e4rten<\/a> oder wir haben es vergessen, dann w\u00e4re eine kurze Mail nett.<\/p>\n","protected":false},"excerpt":{"rendered":"<p>Wie in Berechnungsweise beschrieben, brauchen wir f\u00fcr viele eurer Angaben Nachweise. Hier eine Auflistung: Miete: Kopie des Mietvertrages oder eines Kontoauszuges mit der \u00dcberweisung der Miete oder eine Erkl\u00e4rung der Person, an die du die Miete gezahlt hast. Kranken- und &hellip; <a href=\"https:\/\/www.refrat.de\/semtix\/wordpress\/antrag-stellen\/nachweise\/\">Weiterlesen <span class=\"meta-nav\">&rarr;<\/span><\/a><\/p>\n","protected":false},"author":1,"featured_media":0,"parent":157,"menu_order":0,"comment_status":"closed","ping_status":"closed","template":"","meta":{"_lmt_disableupdate":"","_lmt_disable":"","footnotes":""},"class_list":["post-184","page","type-page","status-publish","hentry"],"_links":{"self":[{"href":"https:\/\/www.refrat.de\/semtix\/wordpress\/wp-json\/wp\/v2\/pages\/184","targetHints":{"allow":["GET"]}}],"collection":[{"href":"https:\/\/www.refrat.de\/semtix\/wordpress\/wp-json\/wp\/v2\/pages"}],"about":[{"href":"https:\/\/www.refrat.de\/semtix\/wordpress\/wp-json\/wp\/v2\/types\/page"}],"author":[{"embeddable":true,"href":"https:\/\/www.refrat.de\/semtix\/wordpress\/wp-json\/wp\/v2\/users\/1"}],"replies":[{"embeddable":true,"href":"https:\/\/www.refrat.de\/semtix\/wordpress\/wp-json\/wp\/v2\/comments?post=184"}],"version-history":[{"count":18,"href":"https:\/\/www.refrat.de\/semtix\/wordpress\/wp-json\/wp\/v2\/pages\/184\/revisions"}],"predecessor-version":[{"id":196,"href":"https:\/\/www.refrat.de\/semtix\/wordpress\/wp-json\/wp\/v2\/pages\/184\/revisions\/196"}],"up":[{"embeddable":true,"href":"https:\/\/www.refrat.de\/semtix\/wordpress\/wp-json\/wp\/v2\/pages\/157"}],"wp:attachment":[{"href":"https:\/\/www.refrat.de\/semtix\/wordpress\/wp-json\/wp\/v2\/media?parent=184"}],"curies":[{"name":"wp","href":"https:\/\/api.w.org\/{rel}","templated":true}]}}