{"id":1695,"date":"2021-03-31T15:36:25","date_gmt":"2021-03-31T13:36:25","guid":{"rendered":"https:\/\/www.refrat.de\/semtix\/wordpress\/?page_id=1695"},"modified":"2021-04-01T13:14:20","modified_gmt":"2021-04-01T11:14:20","slug":"ticket-unlesbar","status":"publish","type":"page","link":"https:\/\/www.refrat.de\/semtix\/wordpress\/semesterticket\/ticket-unlesbar\/","title":{"rendered":"Ticket unlesbar"},"content":{"rendered":"<p>Leider kommt es, besonders mit der ersten Generation der CampusCard immer h\u00e4ufiger vor, dass die Tickets nicht mehr zu lesen sind.<\/p>\n<p>Wendet Euch bitte in diesem Fall mit einem Foto eures Tickets an das StudierendenServiceCenter (SSC) unter: <a href=\"https:\/\/www.hu-berlin.de\/de\/studium\/compass\/formular\">https:\/\/www.hu-berlin.de\/de\/studium\/compass\/formular<\/a> und fragt nach einem Ersatz.<\/p>\n<p>Ihr bekommt dann in Agnes einen QR-Code mit dem Ihr Euch ein neues Ticket am Ausgabeautomaten drucken lassen k\u00f6nnt. <strong>Bitte beachtet, dass Ihr anschlie\u00dfend nochmal an den Aktualisierungsautomaten m\u00fcsst und daf\u00fcr einen Online Termin ben\u00f6tigt! <\/strong>(unter:<strong> <a href=\"https:\/\/agnes.hu-berlin.de\/kmsdt\">https:\/\/agnes.hu-berlin.de\/kmsdt<\/a><\/strong>)<\/p>\n","protected":false},"excerpt":{"rendered":"<p>Leider kommt es, besonders mit der ersten Generation der CampusCard immer h\u00e4ufiger vor, dass die Tickets nicht mehr zu lesen sind. Wendet Euch bitte in diesem Fall mit einem Foto eures Tickets an das StudierendenServiceCenter (SSC) unter: https:\/\/www.hu-berlin.de\/de\/studium\/compass\/formular und fragt &hellip; <a href=\"https:\/\/www.refrat.de\/semtix\/wordpress\/semesterticket\/ticket-unlesbar\/\">Weiterlesen <span class=\"meta-nav\">&rarr;<\/span><\/a><\/p>\n","protected":false},"author":1,"featured_media":0,"parent":122,"menu_order":0,"comment_status":"closed","ping_status":"closed","template":"","meta":{"_lmt_disableupdate":"no","_lmt_disable":"no","footnotes":""},"class_list":["post-1695","page","type-page","status-publish","hentry"],"_links":{"self":[{"href":"https:\/\/www.refrat.de\/semtix\/wordpress\/wp-json\/wp\/v2\/pages\/1695","targetHints":{"allow":["GET"]}}],"collection":[{"href":"https:\/\/www.refrat.de\/semtix\/wordpress\/wp-json\/wp\/v2\/pages"}],"about":[{"href":"https:\/\/www.refrat.de\/semtix\/wordpress\/wp-json\/wp\/v2\/types\/page"}],"author":[{"embeddable":true,"href":"https:\/\/www.refrat.de\/semtix\/wordpress\/wp-json\/wp\/v2\/users\/1"}],"replies":[{"embeddable":true,"href":"https:\/\/www.refrat.de\/semtix\/wordpress\/wp-json\/wp\/v2\/comments?post=1695"}],"version-history":[{"count":3,"href":"https:\/\/www.refrat.de\/semtix\/wordpress\/wp-json\/wp\/v2\/pages\/1695\/revisions"}],"predecessor-version":[{"id":1702,"href":"https:\/\/www.refrat.de\/semtix\/wordpress\/wp-json\/wp\/v2\/pages\/1695\/revisions\/1702"}],"up":[{"embeddable":true,"href":"https:\/\/www.refrat.de\/semtix\/wordpress\/wp-json\/wp\/v2\/pages\/122"}],"wp:attachment":[{"href":"https:\/\/www.refrat.de\/semtix\/wordpress\/wp-json\/wp\/v2\/media?parent=1695"}],"curies":[{"name":"wp","href":"https:\/\/api.w.org\/{rel}","templated":true}]}}