{"id":1171,"date":"2017-06-22T13:16:03","date_gmt":"2017-06-22T11:16:03","guid":{"rendered":"http:\/\/www.refrat.de\/semtix\/wordpress\/?page_id=1171"},"modified":"2023-11-02T16:21:50","modified_gmt":"2023-11-02T15:21:50","slug":"sprachenzentrum","status":"publish","type":"page","link":"https:\/\/www.refrat.de\/semtix\/wordpress\/antrag-stellen\/sprachenzentrum\/","title":{"rendered":"Sprachenzentrum"},"content":{"rendered":"<p>Ein positiver Semtix-Bescheid berechtigt zu einer Erm\u00e4\u00dfigung beim Sprachenzentrum der HU.<\/p>\n<p>Die Erm\u00e4\u00dfigung passiert stets \u00fcber (Teil-)Erstattungen von Geb\u00fchren f\u00fcr bereits besuchte Sprachkurse, und zwar r\u00fcckwirkend f\u00fcr das entsprechende (Antrags-)Semester. Zum Beispiel: Ein positiver Bescheid f\u00fcr das SoSe bietet die M\u00f6glichkeit, Geld f\u00fcr Sprachkurse, die im SoSe besucht wurden, zur\u00fcckzufordern.<\/p>\n<p>Es k\u00f6nnen in der Regel bis zu 40 \u20ac zur\u00fcckerstattet werden.<\/p>\n<p>Der Antrag wird formlos beim Sprachenzentrum gestellt und muss Folgendes enthalten:<\/p>\n<ul>\n<li class=\"level1\">\n<div class=\"li\">Bescheinigung f\u00fcr das Sprachenzentrum (aus unserem Bescheid)<\/div>\n<\/li>\n<li class=\"level1\">\n<div class=\"li\">Angaben \u00fcber besuchte Kurse (Kursnummer)<\/div>\n<\/li>\n<li class=\"level1\">\n<div class=\"li\">Deine Adresse<\/div>\n<\/li>\n<li class=\"level1\">\n<div class=\"li\">Kontoverbindung<\/div>\n<\/li>\n<\/ul>\n<p>Der Antrag kann im Sprachenzentrum beim jeweiligen Sekretariat oder beim Sekretariat des Sprachenzentrums abgegeben werden.<\/p>\n","protected":false},"excerpt":{"rendered":"<p>Ein positiver Semtix-Bescheid berechtigt zu einer Erm\u00e4\u00dfigung beim Sprachenzentrum der HU. Die Erm\u00e4\u00dfigung passiert stets \u00fcber (Teil-)Erstattungen von Geb\u00fchren f\u00fcr bereits besuchte Sprachkurse, und zwar r\u00fcckwirkend f\u00fcr das entsprechende (Antrags-)Semester. Zum Beispiel: Ein positiver Bescheid f\u00fcr das SoSe bietet die &hellip; <a href=\"https:\/\/www.refrat.de\/semtix\/wordpress\/antrag-stellen\/sprachenzentrum\/\">Weiterlesen <span class=\"meta-nav\">&rarr;<\/span><\/a><\/p>\n","protected":false},"author":2,"featured_media":0,"parent":157,"menu_order":7,"comment_status":"closed","ping_status":"closed","template":"","meta":{"_lmt_disableupdate":"no","_lmt_disable":"no","footnotes":""},"class_list":["post-1171","page","type-page","status-publish","hentry"],"_links":{"self":[{"href":"https:\/\/www.refrat.de\/semtix\/wordpress\/wp-json\/wp\/v2\/pages\/1171","targetHints":{"allow":["GET"]}}],"collection":[{"href":"https:\/\/www.refrat.de\/semtix\/wordpress\/wp-json\/wp\/v2\/pages"}],"about":[{"href":"https:\/\/www.refrat.de\/semtix\/wordpress\/wp-json\/wp\/v2\/types\/page"}],"author":[{"embeddable":true,"href":"https:\/\/www.refrat.de\/semtix\/wordpress\/wp-json\/wp\/v2\/users\/2"}],"replies":[{"embeddable":true,"href":"https:\/\/www.refrat.de\/semtix\/wordpress\/wp-json\/wp\/v2\/comments?post=1171"}],"version-history":[{"count":1,"href":"https:\/\/www.refrat.de\/semtix\/wordpress\/wp-json\/wp\/v2\/pages\/1171\/revisions"}],"predecessor-version":[{"id":1172,"href":"https:\/\/www.refrat.de\/semtix\/wordpress\/wp-json\/wp\/v2\/pages\/1171\/revisions\/1172"}],"up":[{"embeddable":true,"href":"https:\/\/www.refrat.de\/semtix\/wordpress\/wp-json\/wp\/v2\/pages\/157"}],"wp:attachment":[{"href":"https:\/\/www.refrat.de\/semtix\/wordpress\/wp-json\/wp\/v2\/media?parent=1171"}],"curies":[{"name":"wp","href":"https:\/\/api.w.org\/{rel}","templated":true}]}}