{"id":5,"date":"2017-10-12T19:03:08","date_gmt":"2017-10-12T17:03:08","guid":{"rendered":"http:\/\/www.refrat.de\/huch\/?page_id=5"},"modified":"2026-04-14T19:02:57","modified_gmt":"2026-04-14T17:02:57","slug":"ueberuns","status":"publish","type":"page","link":"https:\/\/www.refrat.de\/huch\/ueberuns\/","title":{"rendered":"\u00dcber uns"},"content":{"rendered":"\n<p>Die HUch ist die kritische Studierendenzeitschrift der Humboldt Universit\u00e4t und wird vom Publikationsreferat des Refrats herausgegeben. Zurzeit besteht die Redaktion aus sieben Personen, die die jeweiligen Ausgaben gemeinsam gestalten. Dabei widmet sich die Zeitschrift vor allem gegenw\u00e4rtigen gesellschaftlichen Problemen und Konflikten und richtet ein besonderes Augenmerk darauf, wie diese die Universit\u00e4t beeinflussen.<\/p>\n\n\n\n<p>Die Gesellschaftskritik, die wir formulieren, zielt auf ein besseres Leben und geht Hand in Hand mit einer Kritik an der Universit\u00e4t, die unser Bed\u00fcrfnis nach umfassender Bildung zum Ausdruck bringt. In der HUch geht es um die M\u00f6glichkeiten emanzipatorischer Politik an der Uni \u2013 und dar\u00fcber hinaus. Zu diesem Zweck werden hochschulpolitische und externe Artikel mit wissenschaftlich-kritischen Essays und \u00e4sthetischen Reflexionen zusammen ins Gespr\u00e4ch gebracht.<\/p>\n\n\n\n<p><\/p>\n\n\n\n<p><\/p>\n\n\n\n<p class=\"has-medium-font-size\"><strong>Herausgeber_innen<\/strong><\/p>\n\n\n\n<div class=\"wp-block-group\"><div class=\"wp-block-group__inner-container is-layout-flow wp-block-group-is-layout-flow\">\n<div class=\"wp-block-group is-vertical is-layout-flex wp-container-core-group-is-layout-8cf370e7 wp-block-group-is-layout-flex\">\n<p>Felix Prokein<\/p>\n<\/div>\n<\/div><\/div>\n\n\n\n<p>Alison Stoye<\/p>\n\n\n\n<p><\/p>\n\n\n\n<div class=\"wp-block-group\"><div class=\"wp-block-group__inner-container is-layout-constrained wp-block-group-is-layout-constrained\">\n<p class=\"has-medium-font-size\"><strong>Redaktion<\/strong><\/p>\n\n\n\n<div class=\"wp-block-group\"><div class=\"wp-block-group__inner-container is-layout-constrained wp-block-group-is-layout-constrained\">\n<div class=\"wp-block-group\"><div class=\"wp-block-group__inner-container is-layout-constrained wp-block-group-is-layout-constrained\">\n<div class=\"wp-block-group is-vertical is-layout-flex wp-container-core-group-is-layout-8cf370e7 wp-block-group-is-layout-flex\">\n<div class=\"wp-block-group\"><div class=\"wp-block-group__inner-container is-layout-constrained wp-block-group-is-layout-constrained\">\n<div class=\"wp-block-group is-vertical is-layout-flex wp-container-core-group-is-layout-8cf370e7 wp-block-group-is-layout-flex\">\n<p>Johanna Bogon <\/p>\n\n\n\n<div class=\"wp-block-group is-vertical is-layout-flex wp-container-core-group-is-layout-8cf370e7 wp-block-group-is-layout-flex\">\n<div class=\"wp-block-group is-vertical is-layout-flex wp-container-core-group-is-layout-8cf370e7 wp-block-group-is-layout-flex\">\n<p>Marie Eisenmann<\/p>\n\n\n\n<p>Femke Luers<\/p>\n\n\n\n<p>Johanna Nedelmann<\/p>\n\n\n\n<p>Felix Prokein<\/p>\n\n\n\n<p>Sammy Scheuritzel<\/p>\n\n\n\n<p>Alison Stoye<br><\/p>\n<\/div>\n<\/div>\n<\/div>\n<\/div><\/div>\n<\/div>\n<\/div><\/div>\n<\/div><\/div>\n\n\n\n<div class=\"wp-block-group is-vertical is-layout-flex wp-container-core-group-is-layout-8cf370e7 wp-block-group-is-layout-flex\"><\/div>\n<\/div><\/div>\n\n\n\n<p><\/p>\n\n\n\n<p><\/p>\n\n\n\n<p><\/p>\n\n\n\n<p class=\"has-medium-font-size\"><strong>Design<\/strong><\/p>\n\n\n\n<p>\nSchroeter\n&amp; Berger<\/p>\n","protected":false},"excerpt":{"rendered":"<p>Die HUch ist die kritische Studierendenzeitschrift der Humboldt Universit\u00e4t und wird vom Publikationsreferat des Refrats herausgegeben. Zurzeit besteht die Redaktion aus sieben Personen, die die jeweiligen Ausgaben gemeinsam gestalten. Dabei widmet sich die Zeitschrift vor allem gegenw\u00e4rtigen gesellschaftlichen Problemen und Konflikten und richtet ein besonderes Augenmerk darauf, wie diese die Universit\u00e4t beeinflussen. Die Gesellschaftskritik, die &hellip; <\/p>\n<p class=\"link-more\"><a href=\"https:\/\/www.refrat.de\/huch\/ueberuns\/\" class=\"more-link\"><span class=\"screen-reader-text\">\u201e\u00dcber uns\u201c <\/span>weiterlesen<\/a><\/p>\n","protected":false},"author":1,"featured_media":0,"parent":0,"menu_order":0,"comment_status":"closed","ping_status":"closed","template":"","meta":{"footnotes":""},"class_list":["post-5","page","type-page","status-publish","hentry"],"_links":{"self":[{"href":"https:\/\/www.refrat.de\/huch\/wp-json\/wp\/v2\/pages\/5","targetHints":{"allow":["GET"]}}],"collection":[{"href":"https:\/\/www.refrat.de\/huch\/wp-json\/wp\/v2\/pages"}],"about":[{"href":"https:\/\/www.refrat.de\/huch\/wp-json\/wp\/v2\/types\/page"}],"author":[{"embeddable":true,"href":"https:\/\/www.refrat.de\/huch\/wp-json\/wp\/v2\/users\/1"}],"replies":[{"embeddable":true,"href":"https:\/\/www.refrat.de\/huch\/wp-json\/wp\/v2\/comments?post=5"}],"version-history":[{"count":32,"href":"https:\/\/www.refrat.de\/huch\/wp-json\/wp\/v2\/pages\/5\/revisions"}],"predecessor-version":[{"id":1487,"href":"https:\/\/www.refrat.de\/huch\/wp-json\/wp\/v2\/pages\/5\/revisions\/1487"}],"wp:attachment":[{"href":"https:\/\/www.refrat.de\/huch\/wp-json\/wp\/v2\/media?parent=5"}],"curies":[{"name":"wp","href":"https:\/\/api.w.org\/{rel}","templated":true}]}}